{"id":169,"date":"2021-09-21T06:44:55","date_gmt":"2021-09-21T06:44:55","guid":{"rendered":"http:\/\/planetaries.cat\/nova\/base\/?page_id=169"},"modified":"2024-09-13T10:53:34","modified_gmt":"2024-09-13T10:53:34","slug":"privacy-policy","status":"publish","type":"page","link":"https:\/\/planetaries.cat\/en\/politica-de-privacitat\/","title":{"rendered":"Privacy policy"},"content":{"rendered":"<p><strong>Manager<\/strong><br \/>\nPRODUCTIONS PLANETARIES SOLUCIONS AUDIOVISUALS SL<\/p>\n<p><strong>PURPOSE:<\/strong><br \/>\nWEB ENQUIRY AND REQUIREMENT MANAGEMENT; MANAGEMENT OF PROSPECT CLIENTS AND COMPANY CONTACTS; SENDING OF COMMERCIAL AND PROMOTIONAL COMMUNICATIONS; MANAGEMENT OF THE CONTRACTUAL RELATIONSHIP WITH CLIENTS; MAINTENANCE OF UPDATED SUPPRESSION LISTS TO AVOID BEING CONTACTED IF YOU REQUEST IT; ALLOWING OUR WEBSITE\/APPLICATIONS TO FUNCTION THROUGH TECHNICAL AND FUNCTIONAL COOKIES; COMPLETION OF STATISTICS<\/p>\n<p><strong>JUSTIFICATION<\/strong><br \/>\nEXPRESS CONSENT, FULFILMENT OF A CONTRACTUAL RELATIONSHIP, AND LEGITIMATE INTEREST.<\/p>\n<p><strong>Recipients<\/strong><br \/>\nData will not be passed to third parties, except where legally obliged.<\/p>\n<p><strong>EXERCISE OF RIGHTS:<\/strong><br \/>\nrgpd@propla.net<\/p>\n<p><strong>ADDITIONAL INFORMATION:<\/strong><br \/>\nYou can consult the additional and detailed information about our data protection policy in the clauses presented below.<\/p>\n<p>The purposes of the data processing operations carried out by PRODUCCIONS PLANET\u00c0RIES as DATA CONTROLLER are exclusively the sending of commercial and promotional communications, the management of the contractual relationship with clients, the maintenance of updated suppression lists to avoid being contacted if you request it, enabling the operation of our website\/applications through technical and functional cookies, and carrying out statistics, managing the relationship with potential clients and contacts, as well as for commercial purposes and to improve your online experience.<\/p>\n<p>The data categories processed by PRODUCCIONS PLANET\u00c0RIES correspond to<\/p>\n<p>Identification data,<br \/>\nPostal or email addresses<br \/>\nBusiness and economic information,<br \/>\nPersonal characteristics.<br \/>\nUnless we are informed otherwise, we will assume that the data provided has not been altered, that you undertake to notify us of any variations, and that we have your consent to use it for the purposes mentioned.<\/p>\n<p>The legal basis for the different treatments pursued for different purposes is:<\/p>\n<p>Sending of commercial and promotional communications: EXPRESS CONSENT.<br \/>\nManaging the contractual relationship with clients: FULFILMENT OF A CONTRACTUAL RELATIONSHIP.<br \/>\nMaintaining updated suppression lists to avoid contacting you if you request it: LEGAL OBLIGATION.<br \/>\nAllow the operation of our website\/applications through technical and functional cookies: LEGITIMATE INTEREST.<br \/>\nCarrying out statistics: LEGITIMATE INTEREST.<br \/>\nWe would like to inform you that the use of the forms available on <a href=\"http:\/\/planetaries.cat\/en\/\">planetaries.cat<\/a> is restricted to adult users, therefore by using any of them, you guarantee that you meet this requirement and accept the consequences that arise if not. The forms made available to you can be filled out in any language you wish, however, PRODUCCIONS PLANET\u00c0RIES is not responsible for errors or the impossibility of attending to your request due to the use of an inappropriate language. Filling out the forms, as well as any other questionnaire that may be provided in the future, is entirely optional, however, the refusal to provide certain data may make it impossible to fulfil your request.<\/p>\n<p>PRODUCCIONS PLANET\u00c0RIES has adopted the legally required personal data protection security levels and endeavours to install additional technical means or measures within its reach to prevent the loss, misuse, alteration, unauthorised access, and theft of personal data provided. For this reason, we guarantee the utmost confidentiality in its processing, confirming that no transfer of such data to third parties will take place.<\/p>\n<p>By voluntarily providing your data, you EXPRESSLY CONSENT to its automated or non-automated processing by PRODUCCIONS PLANET\u00c0RIES, as well as its communication to entities with whom there is a necessary or legally binding connection to your data, and in the case of commercial communications via email or equivalent means, you EXPRESSLY CONSENT to receiving them.<\/p>\n<p>The consent granted may be revoked at any time by exercising the rights to restrict processing, data portability, access, rectification, erasure, and objection, which PRODUCCIONS PLANET\u00c0RIES guarantees you, by writing to rgpd@propla.net.<\/p>","protected":false},"excerpt":{"rendered":"<p>RESPONSABLE: PRODUCCIONS PLANETARIES SOLUCIONS AUDIOVISUALS SL FINALIDAD: GESTI\u00d3N DE CONSULTA Y REQUERIMIENTOS WEB; GESTI\u00d3N DE LOS CLIENTES POTENCIALES Y CONTACTOS DE LA EMPRESA; ENV\u00cdO DE COMUNICACIONES COMERCIALES Y PROMOCIONALES; GESTI\u00d3N DE LA RELACI\u00d3N CONTRACTUAL CON LOS CLIENTES; MANTENIMIENTO DE LISTAS DE SUPRESI\u00d3N ACTUALIZADAS PARA EVITAR SER CONTACTADO SI USTED LO SOLICITA; PERMITIR EL FUNCIONAMIENTO DE [&hellip;]<\/p>\n","protected":false},"author":1,"featured_media":0,"parent":0,"menu_order":22,"comment_status":"closed","ping_status":"closed","template":"","meta":{"_acf_changed":false,"footnotes":""},"class_list":["post-169","page","type-page","status-publish","hentry"],"acf":[],"yoast_head":"<!-- This site is optimized with the Yoast SEO plugin v27.3 - https:\/\/yoast.com\/product\/yoast-seo-wordpress\/ -->\n<title>Pol\u00edtica de privacitat - Produccions Planet\u00e0ries<\/title>\n<meta name=\"robots\" content=\"index, follow, max-snippet:-1, max-image-preview:large, max-video-preview:-1\" \/>\n<link rel=\"canonical\" href=\"https:\/\/planetaries.cat\/en\/privacy-policy\/\" \/>\n<meta property=\"og:locale\" content=\"en_GB\" \/>\n<meta property=\"og:type\" content=\"article\" \/>\n<meta property=\"og:title\" content=\"Pol\u00edtica de privacitat - Produccions Planet\u00e0ries\" \/>\n<meta property=\"og:description\" content=\"RESPONSABLE: PRODUCCIONS PLANETARIES SOLUCIONS AUDIOVISUALS SL FINALIDAD: GESTI\u00d3N DE CONSULTA Y REQUERIMIENTOS WEB; GESTI\u00d3N DE LOS CLIENTES POTENCIALES Y CONTACTOS DE LA EMPRESA; ENV\u00cdO DE COMUNICACIONES COMERCIALES Y PROMOCIONALES; GESTI\u00d3N DE LA RELACI\u00d3N CONTRACTUAL CON LOS CLIENTES; MANTENIMIENTO DE LISTAS DE SUPRESI\u00d3N ACTUALIZADAS PARA EVITAR SER CONTACTADO SI USTED LO SOLICITA; PERMITIR EL FUNCIONAMIENTO DE [&hellip;]\" \/>\n<meta property=\"og:url\" content=\"https:\/\/planetaries.cat\/en\/privacy-policy\/\" \/>\n<meta property=\"og:site_name\" content=\"Produccions Planet\u00e0ries\" \/>\n<meta property=\"article:modified_time\" content=\"2024-09-13T10:53:34+00:00\" \/>\n<meta name=\"twitter:card\" content=\"summary_large_image\" \/>\n<meta name=\"twitter:label1\" content=\"Estimated reading time\" \/>\n\t<meta name=\"twitter:data1\" content=\"4 minutes\" \/>\n<script type=\"application\/ld+json\" class=\"yoast-schema-graph\">{\"@context\":\"https:\\\/\\\/schema.org\",\"@graph\":[{\"@type\":\"WebPage\",\"@id\":\"https:\\\/\\\/planetaries.cat\\\/politica-de-privacitat\\\/\",\"url\":\"https:\\\/\\\/planetaries.cat\\\/politica-de-privacitat\\\/\",\"name\":\"Pol\u00edtica de privacitat - Produccions Planet\u00e0ries\",\"isPartOf\":{\"@id\":\"https:\\\/\\\/planetaries.cat\\\/#website\"},\"datePublished\":\"2021-09-21T06:44:55+00:00\",\"dateModified\":\"2024-09-13T10:53:34+00:00\",\"breadcrumb\":{\"@id\":\"https:\\\/\\\/planetaries.cat\\\/politica-de-privacitat\\\/#breadcrumb\"},\"inLanguage\":\"en-GB\",\"potentialAction\":[{\"@type\":\"ReadAction\",\"target\":[\"https:\\\/\\\/planetaries.cat\\\/politica-de-privacitat\\\/\"]}]},{\"@type\":\"BreadcrumbList\",\"@id\":\"https:\\\/\\\/planetaries.cat\\\/politica-de-privacitat\\\/#breadcrumb\",\"itemListElement\":[{\"@type\":\"ListItem\",\"position\":1,\"name\":\"Inici\",\"item\":\"https:\\\/\\\/planetaries.cat\\\/\"},{\"@type\":\"ListItem\",\"position\":2,\"name\":\"Pol\u00edtica de privacitat\"}]},{\"@type\":\"WebSite\",\"@id\":\"https:\\\/\\\/planetaries.cat\\\/#website\",\"url\":\"https:\\\/\\\/planetaries.cat\\\/\",\"name\":\"Produccions Planet\u00e0ries\",\"description\":\"Comunicaci\u00f3 Audiovisual\",\"publisher\":{\"@id\":\"https:\\\/\\\/planetaries.cat\\\/#organization\"},\"potentialAction\":[{\"@type\":\"SearchAction\",\"target\":{\"@type\":\"EntryPoint\",\"urlTemplate\":\"https:\\\/\\\/planetaries.cat\\\/?s={search_term_string}\"},\"query-input\":{\"@type\":\"PropertyValueSpecification\",\"valueRequired\":true,\"valueName\":\"search_term_string\"}}],\"inLanguage\":\"en-GB\"},{\"@type\":\"Organization\",\"@id\":\"https:\\\/\\\/planetaries.cat\\\/#organization\",\"name\":\"Produccions Planet\u00e0ries\",\"url\":\"https:\\\/\\\/planetaries.cat\\\/\",\"logo\":{\"@type\":\"ImageObject\",\"inLanguage\":\"en-GB\",\"@id\":\"https:\\\/\\\/planetaries.cat\\\/#\\\/schema\\\/logo\\\/image\\\/\",\"url\":\"http:\\\/\\\/planetaries.cat\\\/wp-content\\\/uploads\\\/2023\\\/01\\\/logo.gif\",\"contentUrl\":\"http:\\\/\\\/planetaries.cat\\\/wp-content\\\/uploads\\\/2023\\\/01\\\/logo.gif\",\"width\":550,\"height\":168,\"caption\":\"Produccions Planet\u00e0ries\"},\"image\":{\"@id\":\"https:\\\/\\\/planetaries.cat\\\/#\\\/schema\\\/logo\\\/image\\\/\"}}]}<\/script>\n<!-- \/ Yoast SEO plugin. -->","yoast_head_json":{"title":"Privacy Policy - Planetary Productions","robots":{"index":"index","follow":"follow","max-snippet":"max-snippet:-1","max-image-preview":"max-image-preview:large","max-video-preview":"max-video-preview:-1"},"canonical":"https:\/\/planetaries.cat\/en\/privacy-policy\/","og_locale":"en_GB","og_type":"article","og_title":"Pol\u00edtica de privacitat - Produccions Planet\u00e0ries","og_description":"RESPONSABLE: PRODUCCIONS PLANETARIES SOLUCIONS AUDIOVISUALS SL FINALIDAD: GESTI\u00d3N DE CONSULTA Y REQUERIMIENTOS WEB; GESTI\u00d3N DE LOS CLIENTES POTENCIALES Y CONTACTOS DE LA EMPRESA; ENV\u00cdO DE COMUNICACIONES COMERCIALES Y PROMOCIONALES; GESTI\u00d3N DE LA RELACI\u00d3N CONTRACTUAL CON LOS CLIENTES; MANTENIMIENTO DE LISTAS DE SUPRESI\u00d3N ACTUALIZADAS PARA EVITAR SER CONTACTADO SI USTED LO SOLICITA; PERMITIR EL FUNCIONAMIENTO DE [&hellip;]","og_url":"https:\/\/planetaries.cat\/en\/privacy-policy\/","og_site_name":"Produccions Planet\u00e0ries","article_modified_time":"2024-09-13T10:53:34+00:00","twitter_card":"summary_large_image","twitter_misc":{"Estimated reading time":"4 minutes"},"schema":{"@context":"https:\/\/schema.org","@graph":[{"@type":"WebPage","@id":"https:\/\/planetaries.cat\/politica-de-privacitat\/","url":"https:\/\/planetaries.cat\/politica-de-privacitat\/","name":"Privacy Policy - Planetary Productions","isPartOf":{"@id":"https:\/\/planetaries.cat\/#website"},"datePublished":"2021-09-21T06:44:55+00:00","dateModified":"2024-09-13T10:53:34+00:00","breadcrumb":{"@id":"https:\/\/planetaries.cat\/politica-de-privacitat\/#breadcrumb"},"inLanguage":"en-GB","potentialAction":[{"@type":"ReadAction","target":["https:\/\/planetaries.cat\/politica-de-privacitat\/"]}]},{"@type":"BreadcrumbList","@id":"https:\/\/planetaries.cat\/politica-de-privacitat\/#breadcrumb","itemListElement":[{"@type":"ListItem","position":1,"name":"Inici","item":"https:\/\/planetaries.cat\/"},{"@type":"ListItem","position":2,"name":"Pol\u00edtica de privacitat"}]},{"@type":"WebSite","@id":"https:\/\/planetaries.cat\/#website","url":"https:\/\/planetaries.cat\/","name":"Planetary Productions","description":"Audiovisual Communication","publisher":{"@id":"https:\/\/planetaries.cat\/#organization"},"potentialAction":[{"@type":"SearchAction","target":{"@type":"EntryPoint","urlTemplate":"https:\/\/planetaries.cat\/?s={search_term_string}"},"query-input":{"@type":"PropertyValueSpecification","valueRequired":true,"valueName":"search_term_string"}}],"inLanguage":"en-GB"},{"@type":"Organization","@id":"https:\/\/planetaries.cat\/#organization","name":"Planetary Productions","url":"https:\/\/planetaries.cat\/","logo":{"@type":"ImageObject","inLanguage":"en-GB","@id":"https:\/\/planetaries.cat\/#\/schema\/logo\/image\/","url":"http:\/\/planetaries.cat\/wp-content\/uploads\/2023\/01\/logo.gif","contentUrl":"http:\/\/planetaries.cat\/wp-content\/uploads\/2023\/01\/logo.gif","width":550,"height":168,"caption":"Produccions Planet\u00e0ries"},"image":{"@id":"https:\/\/planetaries.cat\/#\/schema\/logo\/image\/"}}]}},"_links":{"self":[{"href":"https:\/\/planetaries.cat\/en\/wp-json\/wp\/v2\/pages\/169","targetHints":{"allow":["GET"]}}],"collection":[{"href":"https:\/\/planetaries.cat\/en\/wp-json\/wp\/v2\/pages"}],"about":[{"href":"https:\/\/planetaries.cat\/en\/wp-json\/wp\/v2\/types\/page"}],"author":[{"embeddable":true,"href":"https:\/\/planetaries.cat\/en\/wp-json\/wp\/v2\/users\/1"}],"replies":[{"embeddable":true,"href":"https:\/\/planetaries.cat\/en\/wp-json\/wp\/v2\/comments?post=169"}],"version-history":[{"count":6,"href":"https:\/\/planetaries.cat\/en\/wp-json\/wp\/v2\/pages\/169\/revisions"}],"predecessor-version":[{"id":3916,"href":"https:\/\/planetaries.cat\/en\/wp-json\/wp\/v2\/pages\/169\/revisions\/3916"}],"wp:attachment":[{"href":"https:\/\/planetaries.cat\/en\/wp-json\/wp\/v2\/media?parent=169"}],"curies":[{"name":"wp","href":"https:\/\/api.w.org\/{rel}","templated":true}]}}