{"id":1930,"date":"2021-09-21T06:34:58","date_gmt":"2021-09-21T06:34:58","guid":{"rendered":"http:\/\/planetaries.cat\/avis-legal\/"},"modified":"2024-09-13T11:11:41","modified_gmt":"2024-09-13T11:11:41","slug":"avis-legal","status":"publish","type":"page","link":"https:\/\/planetaries.cat\/en\/avis-legal\/","title":{"rendered":"Av\u00eds legal"},"content":{"rendered":"<p>El presente Aviso Legal regula el acceso por parte del USUARIO del Sitio Web a los contenidos proporcionados por PRODUCCIONS PLANET\u00c0RIES SOLUCIONS AUDIOVISUALS, S.L. (en adelante PRODUCCIONS PLANET\u00c0RIES). La simple utilizaci\u00f3n de la informaci\u00f3n contenida en este Sitio Web implica la total aceptaci\u00f3n del Aviso Legal, por lo que aconsejamos que acceda peri\u00f3dicamente, debido a su constante actualizaci\u00f3n.<\/p>\n<p><strong>INFORMACI\u00d3N GENERAL:<\/strong><\/p>\n<p>En cumplimiento de lo dispuesto en el art\u00edculo 10 de la Ley 34\/2002, de 11 de Julio, de Servicios de la Sociedad de la Informaci\u00f3n y Comercio Electr\u00f3nico (en adelante LSSICE), ponemos en su conocimiento que el titular del dominio &lt;PLANETARIES.CAT&gt; es PRODUCCIONS PLANET\u00c0RIES SOLUCIONS AUDIOVISUALS, S.L. (CIF B61642104), con domicilio social en Avda.\/ Prat de la Riba n\u00ba 77, Centro Audiovisual Roca Umbert, 08401 Granollers, Barcelona.<\/p>\n<p>Contacto: rgpd@propla.net<\/p>\n<p><strong>PROPIEDAD INTELECTUAL E INDUSTRIAL:<\/strong><\/p>\n<p>Los contenidos de &lt;planetaries.cat&gt;, tanto textos, im\u00e1genes, dise\u00f1o gr\u00e1fico, c\u00f3digo fuente, logos, marcas, etc., son titularidad exclusiva de PRODUCCIONS PLANET\u00c0RIES y est\u00e1n amparados por la normativa reguladora de la Propiedad Intelectual e Industrial, quedando por tanto prohibida la reproducci\u00f3n, modificaci\u00f3n, distribuci\u00f3n o manipulaci\u00f3n de los mismos.<\/p>\n<p>PRODUCCIONS PLANET\u00c0RIES es titular exclusivo de todos los derechos de propiedad intelectual, industrial y an\u00e1logos que componen Sitio Web &lt;planetaries.cat&gt;. Asimismo, quedan reservados en favor de PRODUCCIONS PLANET\u00c0RIES, todos los derechos sobre cualesquiera contenidos, servicios o elementos de su propiedad que se incorporaran en &lt;planetaries.cat&gt;, incluyendo, a t\u00edtulo meramente enunciativo y no limitativo, aquellos elementos que conforman la apariencia visual, imagen gr\u00e1fica y otros est\u00edmulos sensoriales de las p\u00e1ginas web que conforman el Sitio Web; entre otros, la arquitectura de navegaci\u00f3n; los c\u00f3digos fuente; im\u00e1genes, grabaciones, programas de ordenador, base de datos, tecnolog\u00eda, logotipos y signos distintivos.<\/p>\n<p>Usted se compromete a no retirar, suprimir, alterar, manipular ni en modo alguno modificar aquellas notas, leyendas, indicaciones o s\u00edmbolos que bien PRODUCCIONS PLANET\u00c0RIES o bien los leg\u00edtimos titulares de los derechos incorporen a sus propiedades en materia de propiedad intelectual o industrial (como por ejemplo, copyright, \u00a9, \u00ae y \u2122, etc.), los dispositivos t\u00e9cnicos de protecci\u00f3n o identificaci\u00f3n que puedan contener los contenidos (como por ejemplo, marcas de agua, huellas digitales, etc.) y\/o el acceso, visualizaci\u00f3n y, en su caso, descarga de los contenidos y\/o servicios se realizar\u00e1 siempre y en todo caso con fines estrictamente personales y no comerciales.<\/p>\n<p>PRODUCCIONS PLANET\u00c0RIES se reserva todos los derechos relacionados con la propiedad intelectual e industrial sobre los elementos de su Sitio Web &lt;planetaries.cat&gt;, y no le concede ninguna otra licencia o autorizaci\u00f3n de uso sobre su Propiedad distinta de la que expresamente se detalla en la presente cl\u00e1usula.<\/p>\n<p><strong>RESERVA DE DERECHOS:<\/strong><\/p>\n<p>PRODUCCIONS PLANET\u00c0RIES se reserva el derecho de actualizar, modificar o eliminar informaci\u00f3n contenida en &lt;planetaries.cat&gt;, as\u00ed como su configuraci\u00f3n, prestaciones o condiciones generales, en cualquier momento y sin necesidad de previo aviso.<\/p>\n<p>PRODUCCIONS PLANET\u00c0RIES no garantiza la inexistencia de interrupciones o errores en el acceso y\/o uso de &lt;planetaries.cat&gt;, ni asumir\u00e1 responsabilidad alguna por problemas t\u00e9cnicos o fallos que se produzcan durante la conexi\u00f3n a Internet. Tampoco garantiza la ausencia de virus ni de otros elementos que puedan producir alteraciones en su sistema inform\u00e1tico (software y hardware) o en los documentos electr\u00f3nicos y ficheros almacenados en su sistema inform\u00e1tico, por lo que excluye cualquier responsabilidad por los da\u00f1os y perjuicios que puedan producirse en el sistema inform\u00e1tico, documentos electr\u00f3nicos o ficheros de los usuarios.<\/p>\n<p><strong>LIMITACI\u00d3N DE RESPONSABILIDADES.<\/strong><\/p>\n<p>Sobre la informaci\u00f3n: PRODUCCIONS PLANET\u00c0RIES no se hace responsable de la veracidad, exactitud, adecuaci\u00f3n, idoneidad, y actualizaci\u00f3n de la informaci\u00f3n suministrada a trav\u00e9s del Sitio Web &lt;planetaries.cat&gt;. Los contenidos son de car\u00e1cter informativo, por lo que PRODUCCIONS PLANET\u00c0RIES no se responsabiliza de sus decisiones tomadas a partir de los mismos, ni de los da\u00f1os y perjuicios que se le produzcan a usted o a terceros con base en la informaci\u00f3n obtenida en este Sitio Web.<\/p>\n<p>De la calidad del servicio: Usted admite conocer y ser consciente de la existencia en la red de virus, gusanos y otros elementos maliciosos. A usted le corresponde la disponibilidad de herramientas adecuadas para la detecci\u00f3n y desinfecci\u00f3n de estos programas inform\u00e1ticos da\u00f1inos, sin que PRODUCCIONS PLANET\u00c0RIES sea responsable de los da\u00f1os producidos en sus equipos inform\u00e1ticos o de terceros durante su acceso a &lt;planetaries.cat&gt;.<\/p>\n<p>De la disponibilidad del servicio: El acceso a &lt;planetaries.cat&gt; requiere de servicios y suministros por parte de otros prestadores de servicios de la sociedad de la informaci\u00f3n, cuya fiabilidad, calidad, continuidad y funcionamiento escapa al control de PRODUCCIONS PLANET\u00c0RIES. Por consiguiente, los servicios prove\u00eddos pueden ser suspendidos, cancelados o resultar inaccesibles en cualquier momento. PRODUCCIONS PLANET\u00c0RIES no se responsabiliza de los da\u00f1os o perjuicios de cualquier tipo producidos que traigan causa de fallos o desconexiones en las redes de telecomunicaciones que produzcan la suspensi\u00f3n, cancelaci\u00f3n o interrupci\u00f3n del servicio del Portal durante la prestaci\u00f3n del mismo o con car\u00e1cter previo.<\/p>\n<p>De los contenidos accedidos en o a trav\u00e9s del portal: El presente Sitio Web permite el acceso a enlaces y otros sitios web (en adelante, \u201cSitios Enlazados\u201d). En estos casos, PRODUCCIONS PLANET\u00c0RIES act\u00faa como prestador de servicios de intermediaci\u00f3n de conformidad con lo que dispone la LSSICE, por lo que s\u00f3lo ser\u00e1 responsable de los contenidos y servicios suministrados en los Sitios Enlazados en la medida en que tenga conocimiento efectivo de la ilicitud y no haya actuado con la diligencia debida para retirar dichos contenidos. Si considera que uno de los Sitios Enlazados incluye contenidos il\u00edcitos o inadecuados podr\u00e1 comunic\u00e1rselo a PRODUCCIONS PLANET\u00c0RIES, quien actuar\u00e1 con toda diligencia para retirar los enlaces que sea conveniente. PRODUCCIONS PLANET\u00c0RIES, tampoco se hace responsable de los contenidos y servicios ofrecidos en los Sitios Enlazados, por lo que no responde de los da\u00f1os producidos por su ilicitud, calidad, desactualizaci\u00f3n, indisponibilidad, error o inutilidad.<\/p>\n<p><strong>LICENCIA DE ENLACES:<\/strong><\/p>\n<p>Todo enlace de terceros a &lt;planetaries.cat&gt; deber\u00e1 serlo a su p\u00e1gina principal o de entrada. Usted y, en general, aquellas personas que se propongan establecer un enlace deber\u00e1n cumplir las condiciones siguientes que a continuaci\u00f3n se detallan. Cualquier otra pretensi\u00f3n de enlace distinta de la estipulada en la presente cl\u00e1usula requerir\u00e1 la previa aceptaci\u00f3n por escrito de PRODUCCIONS PLANET\u00c0RIES.<\/p>\n<p>Usted no podr\u00e1 reproducir, ni imitar, total o parcialmente, el contenido de &lt;planetaries.cat&gt;, ni la apariencia gr\u00e1fica del mismo, (\u201clook and feel\u201d), ni realizar\u00e1 marcos (\u201cframes\u201d) ni enlaces ensamblados (\u201clink inline\u201d) de las p\u00e1ginas de PRODUCCIONS PLANET\u00c0RIES. No se crear\u00e1 un browser, marco, ni un entorno o barra de navegaci\u00f3n sobre la Sitio Web &lt;planetaries.cat&gt;.<\/p>\n<p>No se realizar\u00e1n manifestaciones o indicaciones falsas, inexactas, incorrectas o denigratorias sobre el Sitio Web &lt;planetaries.cat&gt; o cualquiera de las propiedades de PRODUCCIONS PLANET\u00c0RIES y, en particular, no se declarar\u00e1 ni dar\u00e1 a entender que PRODUCCIONS PLANET\u00c0RIES colabora o es un socio colaborador y\/o que en cualquier forma ha supervisado o asumido de cualquier forma los contenidos o servicios ofrecidos o puestos a disposici\u00f3n de la Sitio Web en la que se establece el enlace.<\/p>\n<p>El Sitio Web en que se establezca el enlace no contendr\u00e1 ninguna marca, nombre comercial, r\u00f3tulo de establecimiento, denominaci\u00f3n, logotipo, eslogan u otros signos distintivos pertenecientes PRODUCCIONS PLANET\u00c0RIES, excepci\u00f3n hecha de aquellos signos que formen parte del mismo enlace o aquellas otras propiedades que hayan sido licenciadas con anterioridad por escrito por PRODUCCIONS PLANET\u00c0RIES. Asimismo, el Sitio Web en el que se establezca el enlace no contendr\u00e1 informaciones o contenidos il\u00edcitos, contrarios a la moral, a las buenas costumbres generalmente aceptadas y al orden p\u00fablico.<\/p>\n<p>PRODUCCIONS PLANET\u00c0RIES se reserva el derecho de emprender las acciones legales que correspondan contra quien incumpla las prohibiciones incluidas en este Aviso Legal.<\/p>\n<p><strong>PROHIBICIONES:<\/strong><\/p>\n<p>Queda expresamente prohibido:<\/p>\n<p>Utilizar cualquiera de los contenidos y servicios con fines o efectos il\u00edcitos, prohibidos en el presente Aviso Legal, lesivos de los derechos e intereses de terceros, o que de cualquier forma puedan da\u00f1ar, inutilizar, sobrecargar, deteriorar o impedir la normal utilizaci\u00f3n de los servicios, los equipos inform\u00e1ticos o los documentos, archivos y toda clase de contenidos almacenados en cualquier equipo inform\u00e1tico de PRODUCCIONS PLANET\u00c0RIES.<br \/>\nUtilizar contenidos y servicios que se encuentren protegidos por cualquier derecho de propiedad intelectual o industrial pertenecientes a la entidad o a terceros, sin que usted haya obtenido previamente de sus titulares la autorizaci\u00f3n necesaria para llevar a cabo el uso que efect\u00faa o pretende efectuar.<br \/>\nReproducir, copiar, distribuir, comunicar, transformar o modificar los contenidos, a menos que se cuente con la autorizaci\u00f3n del titular de los correspondientes derechos o ello resulte legalmente permitido.<br \/>\nIncorporar virus u otros elementos f\u00edsicos o electr\u00f3nicos que puedan da\u00f1ar o impedir el normal funcionamiento de la red, del sistema o de equipos inform\u00e1ticos (hardware y software) de PRODUCCIONS PLANET\u00c0RIES o de terceros o que puedan da\u00f1ar los documentos electr\u00f3nicos y archivos almacenados en dichos equipos inform\u00e1ticos.<br \/>\nLa obtenci\u00f3n o incluso el intento de obtenci\u00f3n de los contenidos empleando para ello medios o procedimientos distintos de los que, seg\u00fan los casos, se hayan puesto a su disposici\u00f3n a este efecto en general, de los que se empleen habitualmente en Internet a este efecto siempre que no entra\u00f1en un riesgo de da\u00f1o o inutilizaci\u00f3n de la Web, de los Servicios y\/o de los Contenidos.<\/p>\n<p><strong>LEGISLACI\u00d3N:<\/strong><\/p>\n<p>El presente Aviso Legal se rige en todos y cada uno de sus extremos por la ley espa\u00f1ola.<\/p>\n<p>Para toda cuesti\u00f3n litigiosa relacionada con este Sitio Web ser\u00e1 de aplicaci\u00f3n la legislaci\u00f3n espa\u00f1ola, siendo competentes para ello los Juzgados y Tribunales de la ciudad de Barcelona (Espa\u00f1a).<\/p>\n","protected":false},"excerpt":{"rendered":"<p>El presente Aviso Legal regula el acceso por parte del USUARIO del Sitio Web a los contenidos proporcionados por PRODUCCIONS PLANET\u00c0RIES SOLUCIONS AUDIOVISUALS, S.L. (en adelante PRODUCCIONS PLANET\u00c0RIES). La simple utilizaci\u00f3n de la informaci\u00f3n contenida en este Sitio Web implica la total aceptaci\u00f3n del Aviso Legal, por lo que aconsejamos que acceda peri\u00f3dicamente, debido a [&hellip;]<\/p>\n","protected":false},"author":1,"featured_media":0,"parent":0,"menu_order":4,"comment_status":"closed","ping_status":"closed","template":"","meta":{"_acf_changed":false,"footnotes":""},"class_list":["post-1930","page","type-page","status-publish","hentry"],"acf":[],"yoast_head":"<!-- This site is optimized with the Yoast SEO plugin v27.2 - https:\/\/yoast.com\/product\/yoast-seo-wordpress\/ -->\n<title>Av\u00eds legal - Produccions Planet\u00e0ries<\/title>\n<meta name=\"robots\" content=\"index, follow, max-snippet:-1, max-image-preview:large, max-video-preview:-1\" \/>\n<link rel=\"canonical\" href=\"https:\/\/planetaries.cat\/en\/avis-legal\/\" \/>\n<meta property=\"og:locale\" content=\"en_US\" \/>\n<meta property=\"og:type\" content=\"article\" \/>\n<meta property=\"og:title\" content=\"Av\u00eds legal - Produccions Planet\u00e0ries\" \/>\n<meta property=\"og:description\" content=\"El presente Aviso Legal regula el acceso por parte del USUARIO del Sitio Web a los contenidos proporcionados por PRODUCCIONS PLANET\u00c0RIES SOLUCIONS AUDIOVISUALS, S.L. (en adelante PRODUCCIONS PLANET\u00c0RIES). La simple utilizaci\u00f3n de la informaci\u00f3n contenida en este Sitio Web implica la total aceptaci\u00f3n del Aviso Legal, por lo que aconsejamos que acceda peri\u00f3dicamente, debido a [&hellip;]\" \/>\n<meta property=\"og:url\" content=\"https:\/\/planetaries.cat\/en\/avis-legal\/\" \/>\n<meta property=\"og:site_name\" content=\"Produccions Planet\u00e0ries\" \/>\n<meta property=\"article:modified_time\" content=\"2024-09-13T11:11:41+00:00\" \/>\n<meta name=\"twitter:card\" content=\"summary_large_image\" \/>\n<meta name=\"twitter:label1\" content=\"Est. reading time\" \/>\n\t<meta name=\"twitter:data1\" content=\"9 minutes\" \/>\n<script type=\"application\/ld+json\" class=\"yoast-schema-graph\">{\"@context\":\"https:\/\/schema.org\",\"@graph\":[{\"@type\":\"WebPage\",\"@id\":\"https:\/\/planetaries.cat\/en\/avis-legal\/\",\"url\":\"https:\/\/planetaries.cat\/en\/avis-legal\/\",\"name\":\"Av\u00eds legal - Produccions Planet\u00e0ries\",\"isPartOf\":{\"@id\":\"https:\/\/planetaries.cat\/en\/#website\"},\"datePublished\":\"2021-09-21T06:34:58+00:00\",\"dateModified\":\"2024-09-13T11:11:41+00:00\",\"breadcrumb\":{\"@id\":\"https:\/\/planetaries.cat\/en\/avis-legal\/#breadcrumb\"},\"inLanguage\":\"en-US\",\"potentialAction\":[{\"@type\":\"ReadAction\",\"target\":[\"https:\/\/planetaries.cat\/en\/avis-legal\/\"]}]},{\"@type\":\"BreadcrumbList\",\"@id\":\"https:\/\/planetaries.cat\/en\/avis-legal\/#breadcrumb\",\"itemListElement\":[{\"@type\":\"ListItem\",\"position\":1,\"name\":\"Inici\",\"item\":\"https:\/\/planetaries.cat\/en\/\"},{\"@type\":\"ListItem\",\"position\":2,\"name\":\"Av\u00eds legal\"}]},{\"@type\":\"WebSite\",\"@id\":\"https:\/\/planetaries.cat\/en\/#website\",\"url\":\"https:\/\/planetaries.cat\/en\/\",\"name\":\"Produccions Planet\u00e0ries\",\"description\":\"Comunicaci\u00f3 Audiovisual\",\"publisher\":{\"@id\":\"https:\/\/planetaries.cat\/en\/#organization\"},\"potentialAction\":[{\"@type\":\"SearchAction\",\"target\":{\"@type\":\"EntryPoint\",\"urlTemplate\":\"https:\/\/planetaries.cat\/en\/?s={search_term_string}\"},\"query-input\":{\"@type\":\"PropertyValueSpecification\",\"valueRequired\":true,\"valueName\":\"search_term_string\"}}],\"inLanguage\":\"en-US\"},{\"@type\":\"Organization\",\"@id\":\"https:\/\/planetaries.cat\/en\/#organization\",\"name\":\"Produccions Planet\u00e0ries\",\"url\":\"https:\/\/planetaries.cat\/en\/\",\"logo\":{\"@type\":\"ImageObject\",\"inLanguage\":\"en-US\",\"@id\":\"https:\/\/planetaries.cat\/en\/#\/schema\/logo\/image\/\",\"url\":\"http:\/\/planetaries.cat\/wp-content\/uploads\/2023\/01\/logo.gif\",\"contentUrl\":\"http:\/\/planetaries.cat\/wp-content\/uploads\/2023\/01\/logo.gif\",\"width\":550,\"height\":168,\"caption\":\"Produccions Planet\u00e0ries\"},\"image\":{\"@id\":\"https:\/\/planetaries.cat\/en\/#\/schema\/logo\/image\/\"}}]}<\/script>\n<!-- \/ Yoast SEO plugin. -->","yoast_head_json":{"title":"Av\u00eds legal - Produccions Planet\u00e0ries","robots":{"index":"index","follow":"follow","max-snippet":"max-snippet:-1","max-image-preview":"max-image-preview:large","max-video-preview":"max-video-preview:-1"},"canonical":"https:\/\/planetaries.cat\/en\/avis-legal\/","og_locale":"en_US","og_type":"article","og_title":"Av\u00eds legal - Produccions Planet\u00e0ries","og_description":"El presente Aviso Legal regula el acceso por parte del USUARIO del Sitio Web a los contenidos proporcionados por PRODUCCIONS PLANET\u00c0RIES SOLUCIONS AUDIOVISUALS, S.L. (en adelante PRODUCCIONS PLANET\u00c0RIES). La simple utilizaci\u00f3n de la informaci\u00f3n contenida en este Sitio Web implica la total aceptaci\u00f3n del Aviso Legal, por lo que aconsejamos que acceda peri\u00f3dicamente, debido a [&hellip;]","og_url":"https:\/\/planetaries.cat\/en\/avis-legal\/","og_site_name":"Produccions Planet\u00e0ries","article_modified_time":"2024-09-13T11:11:41+00:00","twitter_card":"summary_large_image","twitter_misc":{"Est. reading time":"9 minutes"},"schema":{"@context":"https:\/\/schema.org","@graph":[{"@type":"WebPage","@id":"https:\/\/planetaries.cat\/en\/avis-legal\/","url":"https:\/\/planetaries.cat\/en\/avis-legal\/","name":"Av\u00eds legal - Produccions Planet\u00e0ries","isPartOf":{"@id":"https:\/\/planetaries.cat\/en\/#website"},"datePublished":"2021-09-21T06:34:58+00:00","dateModified":"2024-09-13T11:11:41+00:00","breadcrumb":{"@id":"https:\/\/planetaries.cat\/en\/avis-legal\/#breadcrumb"},"inLanguage":"en-US","potentialAction":[{"@type":"ReadAction","target":["https:\/\/planetaries.cat\/en\/avis-legal\/"]}]},{"@type":"BreadcrumbList","@id":"https:\/\/planetaries.cat\/en\/avis-legal\/#breadcrumb","itemListElement":[{"@type":"ListItem","position":1,"name":"Inici","item":"https:\/\/planetaries.cat\/en\/"},{"@type":"ListItem","position":2,"name":"Av\u00eds legal"}]},{"@type":"WebSite","@id":"https:\/\/planetaries.cat\/en\/#website","url":"https:\/\/planetaries.cat\/en\/","name":"Produccions Planet\u00e0ries","description":"Comunicaci\u00f3 Audiovisual","publisher":{"@id":"https:\/\/planetaries.cat\/en\/#organization"},"potentialAction":[{"@type":"SearchAction","target":{"@type":"EntryPoint","urlTemplate":"https:\/\/planetaries.cat\/en\/?s={search_term_string}"},"query-input":{"@type":"PropertyValueSpecification","valueRequired":true,"valueName":"search_term_string"}}],"inLanguage":"en-US"},{"@type":"Organization","@id":"https:\/\/planetaries.cat\/en\/#organization","name":"Produccions Planet\u00e0ries","url":"https:\/\/planetaries.cat\/en\/","logo":{"@type":"ImageObject","inLanguage":"en-US","@id":"https:\/\/planetaries.cat\/en\/#\/schema\/logo\/image\/","url":"http:\/\/planetaries.cat\/wp-content\/uploads\/2023\/01\/logo.gif","contentUrl":"http:\/\/planetaries.cat\/wp-content\/uploads\/2023\/01\/logo.gif","width":550,"height":168,"caption":"Produccions Planet\u00e0ries"},"image":{"@id":"https:\/\/planetaries.cat\/en\/#\/schema\/logo\/image\/"}}]}},"_links":{"self":[{"href":"https:\/\/planetaries.cat\/en\/wp-json\/wp\/v2\/pages\/1930","targetHints":{"allow":["GET"]}}],"collection":[{"href":"https:\/\/planetaries.cat\/en\/wp-json\/wp\/v2\/pages"}],"about":[{"href":"https:\/\/planetaries.cat\/en\/wp-json\/wp\/v2\/types\/page"}],"author":[{"embeddable":true,"href":"https:\/\/planetaries.cat\/en\/wp-json\/wp\/v2\/users\/1"}],"replies":[{"embeddable":true,"href":"https:\/\/planetaries.cat\/en\/wp-json\/wp\/v2\/comments?post=1930"}],"version-history":[{"count":3,"href":"https:\/\/planetaries.cat\/en\/wp-json\/wp\/v2\/pages\/1930\/revisions"}],"predecessor-version":[{"id":3923,"href":"https:\/\/planetaries.cat\/en\/wp-json\/wp\/v2\/pages\/1930\/revisions\/3923"}],"wp:attachment":[{"href":"https:\/\/planetaries.cat\/en\/wp-json\/wp\/v2\/media?parent=1930"}],"curies":[{"name":"wp","href":"https:\/\/api.w.org\/{rel}","templated":true}]}}