{"id":3729,"date":"2023-09-08T07:33:33","date_gmt":"2023-09-08T07:33:33","guid":{"rendered":"http:\/\/planetaries.cat\/?page_id=3729"},"modified":"2023-09-08T08:18:28","modified_gmt":"2023-09-08T08:18:28","slug":"serveis-de-streaming","status":"publish","type":"page","link":"https:\/\/planetaries.cat\/en\/serveis-de-streaming\/","title":{"rendered":"Serveis de Streaming"},"content":{"rendered":"<h2><strong>Transmet el teu congr\u00e9s o esdeveniment en directe<\/strong><\/h2>\n<div class=\"gmail_default\">\n<p>Est\u00e0s organitzant un congr\u00e9s o esdeveniment i vols arribar a una audi\u00e8ncia m\u00e9s \u00e0mplia? L&#8217;streaming per a congressos i esdeveniments \u00e9s la soluci\u00f3 perfecta. Amb el nostre servei de streaming, pots portar el teu esdeveniment directament a persones de tot el m\u00f3n.<\/p>\n<p><strong>Per qu\u00e8 triar el nostre servei de streaming per congressos i esdeveniments?<\/strong><\/p>\n<ol>\n<li><strong>Transmissions en Temps Real<\/strong>: Transmet en directe les teves presentacions, pon\u00e8ncies i activitats sense cap retard.<\/li>\n<li><strong>Acc\u00e9s Global<\/strong>: Arriba a una audi\u00e8ncia global sense fronteres geogr\u00e0fiques.<\/li>\n<li><strong>Interacci\u00f3 en Directe<\/strong>: Permet als teus espectadors fer preguntes i comentaris en temps real.<\/li>\n<li><strong>Arxivament de V\u00eddeos<\/strong>: Mant\u00e9n les teves grabacions disponibles per als que no van poder veure-ho en directe.<\/li>\n<li><strong>Qualitat HD<\/strong>: Proporcionem una qualitat d&#8217;\u00e0udio i v\u00eddeo impecable per a una experi\u00e8ncia de visualitzaci\u00f3 \u00f2ptima.<\/li>\n<\/ol>\n<p>Ja sigui un congr\u00e9s cient\u00edfic, un esdeveniment corporatiu o una confer\u00e8ncia, el nostre servei de streaming per congressos i esdeveniments et permetr\u00e0 connectar amb una audi\u00e8ncia m\u00e9s \u00e0mplia i fer que la teva informaci\u00f3 arribi a m\u00e9s persones.<\/p>\n<h3><strong>Comencem avui mateix! Contacta&#8217;ns per a m\u00e9s informaci\u00f3 sobre com iniciar la teva transmissi\u00f3 en directe i fer del teu congr\u00e9s o esdeveniment un \u00e8xit global.<\/strong><\/h3>\n<h3><\/h3>\n<\/div>\n<div><\/div>","protected":false},"excerpt":{"rendered":"<p>Transmet el teu congr\u00e9s o esdeveniment en directe Est\u00e0s organitzant un congr\u00e9s o esdeveniment i vols arribar a una audi\u00e8ncia m\u00e9s \u00e0mplia? L&#8217;streaming per a congressos i esdeveniments \u00e9s la soluci\u00f3 perfecta. Amb el nostre servei de streaming, pots portar el teu esdeveniment directament a persones de tot el m\u00f3n. Per qu\u00e8 triar el nostre [&hellip;]<\/p>\n","protected":false},"author":1,"featured_media":0,"parent":0,"menu_order":16,"comment_status":"closed","ping_status":"closed","template":"page-quisom.php","meta":{"_acf_changed":false,"footnotes":""},"class_list":["post-3729","page","type-page","status-publish","hentry"],"acf":[],"yoast_head":"<!-- This site is optimized with the Yoast SEO plugin v27.3 - https:\/\/yoast.com\/product\/yoast-seo-wordpress\/ -->\n<title>Serveis de Streaming - Produccions Planet\u00e0ries<\/title>\n<meta name=\"robots\" content=\"index, follow, max-snippet:-1, max-image-preview:large, max-video-preview:-1\" \/>\n<link rel=\"canonical\" href=\"http:\/\/planetaries.cat\/en\/serveis-de-streaming\/\" \/>\n<meta property=\"og:locale\" content=\"en_GB\" \/>\n<meta property=\"og:type\" content=\"article\" \/>\n<meta property=\"og:title\" content=\"Serveis de Streaming - Produccions Planet\u00e0ries\" \/>\n<meta property=\"og:description\" content=\"Transmet el teu congr\u00e9s o esdeveniment en directe Est\u00e0s organitzant un congr\u00e9s o esdeveniment i vols arribar a una audi\u00e8ncia m\u00e9s \u00e0mplia? L&#8217;streaming per a congressos i esdeveniments \u00e9s la soluci\u00f3 perfecta. Amb el nostre servei de streaming, pots portar el teu esdeveniment directament a persones de tot el m\u00f3n. Per qu\u00e8 triar el nostre [&hellip;]\" \/>\n<meta property=\"og:url\" content=\"http:\/\/planetaries.cat\/en\/serveis-de-streaming\/\" \/>\n<meta property=\"og:site_name\" content=\"Produccions Planet\u00e0ries\" \/>\n<meta property=\"article:modified_time\" content=\"2023-09-08T08:18:28+00:00\" \/>\n<meta name=\"twitter:card\" content=\"summary_large_image\" \/>\n<meta name=\"twitter:label1\" content=\"Estimated reading time\" \/>\n\t<meta name=\"twitter:data1\" content=\"2 minutes\" \/>\n<script type=\"application\/ld+json\" class=\"yoast-schema-graph\">{\"@context\":\"https:\\\/\\\/schema.org\",\"@graph\":[{\"@type\":\"WebPage\",\"@id\":\"http:\\\/\\\/planetaries.cat\\\/serveis-de-streaming\\\/\",\"url\":\"http:\\\/\\\/planetaries.cat\\\/serveis-de-streaming\\\/\",\"name\":\"Serveis de Streaming - Produccions Planet\u00e0ries\",\"isPartOf\":{\"@id\":\"https:\\\/\\\/planetaries.cat\\\/#website\"},\"datePublished\":\"2023-09-08T07:33:33+00:00\",\"dateModified\":\"2023-09-08T08:18:28+00:00\",\"breadcrumb\":{\"@id\":\"http:\\\/\\\/planetaries.cat\\\/serveis-de-streaming\\\/#breadcrumb\"},\"inLanguage\":\"en-GB\",\"potentialAction\":[{\"@type\":\"ReadAction\",\"target\":[\"http:\\\/\\\/planetaries.cat\\\/serveis-de-streaming\\\/\"]}]},{\"@type\":\"BreadcrumbList\",\"@id\":\"http:\\\/\\\/planetaries.cat\\\/serveis-de-streaming\\\/#breadcrumb\",\"itemListElement\":[{\"@type\":\"ListItem\",\"position\":1,\"name\":\"Inici\",\"item\":\"https:\\\/\\\/planetaries.cat\\\/\"},{\"@type\":\"ListItem\",\"position\":2,\"name\":\"Serveis de Streaming\"}]},{\"@type\":\"WebSite\",\"@id\":\"https:\\\/\\\/planetaries.cat\\\/#website\",\"url\":\"https:\\\/\\\/planetaries.cat\\\/\",\"name\":\"Produccions Planet\u00e0ries\",\"description\":\"Comunicaci\u00f3 Audiovisual\",\"publisher\":{\"@id\":\"https:\\\/\\\/planetaries.cat\\\/#organization\"},\"potentialAction\":[{\"@type\":\"SearchAction\",\"target\":{\"@type\":\"EntryPoint\",\"urlTemplate\":\"https:\\\/\\\/planetaries.cat\\\/?s={search_term_string}\"},\"query-input\":{\"@type\":\"PropertyValueSpecification\",\"valueRequired\":true,\"valueName\":\"search_term_string\"}}],\"inLanguage\":\"en-GB\"},{\"@type\":\"Organization\",\"@id\":\"https:\\\/\\\/planetaries.cat\\\/#organization\",\"name\":\"Produccions Planet\u00e0ries\",\"url\":\"https:\\\/\\\/planetaries.cat\\\/\",\"logo\":{\"@type\":\"ImageObject\",\"inLanguage\":\"en-GB\",\"@id\":\"https:\\\/\\\/planetaries.cat\\\/#\\\/schema\\\/logo\\\/image\\\/\",\"url\":\"http:\\\/\\\/planetaries.cat\\\/wp-content\\\/uploads\\\/2023\\\/01\\\/logo.gif\",\"contentUrl\":\"http:\\\/\\\/planetaries.cat\\\/wp-content\\\/uploads\\\/2023\\\/01\\\/logo.gif\",\"width\":550,\"height\":168,\"caption\":\"Produccions Planet\u00e0ries\"},\"image\":{\"@id\":\"https:\\\/\\\/planetaries.cat\\\/#\\\/schema\\\/logo\\\/image\\\/\"}}]}<\/script>\n<!-- \/ Yoast SEO plugin. -->","yoast_head_json":{"title":"Serveis de Streaming - Produccions Planet\u00e0ries","robots":{"index":"index","follow":"follow","max-snippet":"max-snippet:-1","max-image-preview":"max-image-preview:large","max-video-preview":"max-video-preview:-1"},"canonical":"http:\/\/planetaries.cat\/en\/serveis-de-streaming\/","og_locale":"en_GB","og_type":"article","og_title":"Serveis de Streaming - Produccions Planet\u00e0ries","og_description":"Transmet el teu congr\u00e9s o esdeveniment en directe Est\u00e0s organitzant un congr\u00e9s o esdeveniment i vols arribar a una audi\u00e8ncia m\u00e9s \u00e0mplia? L&#8217;streaming per a congressos i esdeveniments \u00e9s la soluci\u00f3 perfecta. Amb el nostre servei de streaming, pots portar el teu esdeveniment directament a persones de tot el m\u00f3n. Per qu\u00e8 triar el nostre [&hellip;]","og_url":"http:\/\/planetaries.cat\/en\/serveis-de-streaming\/","og_site_name":"Produccions Planet\u00e0ries","article_modified_time":"2023-09-08T08:18:28+00:00","twitter_card":"summary_large_image","twitter_misc":{"Estimated reading time":"2 minutes"},"schema":{"@context":"https:\/\/schema.org","@graph":[{"@type":"WebPage","@id":"http:\/\/planetaries.cat\/serveis-de-streaming\/","url":"http:\/\/planetaries.cat\/serveis-de-streaming\/","name":"Serveis de Streaming - Produccions Planet\u00e0ries","isPartOf":{"@id":"https:\/\/planetaries.cat\/#website"},"datePublished":"2023-09-08T07:33:33+00:00","dateModified":"2023-09-08T08:18:28+00:00","breadcrumb":{"@id":"http:\/\/planetaries.cat\/serveis-de-streaming\/#breadcrumb"},"inLanguage":"en-GB","potentialAction":[{"@type":"ReadAction","target":["http:\/\/planetaries.cat\/serveis-de-streaming\/"]}]},{"@type":"BreadcrumbList","@id":"http:\/\/planetaries.cat\/serveis-de-streaming\/#breadcrumb","itemListElement":[{"@type":"ListItem","position":1,"name":"Inici","item":"https:\/\/planetaries.cat\/"},{"@type":"ListItem","position":2,"name":"Serveis de Streaming"}]},{"@type":"WebSite","@id":"https:\/\/planetaries.cat\/#website","url":"https:\/\/planetaries.cat\/","name":"Planetary Productions","description":"Audiovisual Communication","publisher":{"@id":"https:\/\/planetaries.cat\/#organization"},"potentialAction":[{"@type":"SearchAction","target":{"@type":"EntryPoint","urlTemplate":"https:\/\/planetaries.cat\/?s={search_term_string}"},"query-input":{"@type":"PropertyValueSpecification","valueRequired":true,"valueName":"search_term_string"}}],"inLanguage":"en-GB"},{"@type":"Organization","@id":"https:\/\/planetaries.cat\/#organization","name":"Planetary Productions","url":"https:\/\/planetaries.cat\/","logo":{"@type":"ImageObject","inLanguage":"en-GB","@id":"https:\/\/planetaries.cat\/#\/schema\/logo\/image\/","url":"http:\/\/planetaries.cat\/wp-content\/uploads\/2023\/01\/logo.gif","contentUrl":"http:\/\/planetaries.cat\/wp-content\/uploads\/2023\/01\/logo.gif","width":550,"height":168,"caption":"Produccions Planet\u00e0ries"},"image":{"@id":"https:\/\/planetaries.cat\/#\/schema\/logo\/image\/"}}]}},"_links":{"self":[{"href":"https:\/\/planetaries.cat\/en\/wp-json\/wp\/v2\/pages\/3729","targetHints":{"allow":["GET"]}}],"collection":[{"href":"https:\/\/planetaries.cat\/en\/wp-json\/wp\/v2\/pages"}],"about":[{"href":"https:\/\/planetaries.cat\/en\/wp-json\/wp\/v2\/types\/page"}],"author":[{"embeddable":true,"href":"https:\/\/planetaries.cat\/en\/wp-json\/wp\/v2\/users\/1"}],"replies":[{"embeddable":true,"href":"https:\/\/planetaries.cat\/en\/wp-json\/wp\/v2\/comments?post=3729"}],"version-history":[{"count":7,"href":"https:\/\/planetaries.cat\/en\/wp-json\/wp\/v2\/pages\/3729\/revisions"}],"predecessor-version":[{"id":3738,"href":"https:\/\/planetaries.cat\/en\/wp-json\/wp\/v2\/pages\/3729\/revisions\/3738"}],"wp:attachment":[{"href":"https:\/\/planetaries.cat\/en\/wp-json\/wp\/v2\/media?parent=3729"}],"curies":[{"name":"wp","href":"https:\/\/api.w.org\/{rel}","templated":true}]}}