{"id":3987,"date":"2023-09-08T07:23:24","date_gmt":"2023-09-08T07:23:24","guid":{"rendered":"https:\/\/planetaries.cat\/disseny-de-pagines-web\/"},"modified":"2026-04-07T11:13:44","modified_gmt":"2026-04-07T11:13:44","slug":"disseny-de-pagines-web","status":"publish","type":"page","link":"https:\/\/planetaries.cat\/en\/disseny-de-pagines-web\/","title":{"rendered":"Disseny de p\u00e0gines web"},"content":{"rendered":"<h2><strong>P\u00e0gines Web a Granollers: Creem Experi\u00e8ncies Online Impactants<\/strong><\/h2>\n<div class=\"gmail_default\">\n<p>Est\u00e0s cercant el millor servei de disseny web a Granollers? Has arribat al lloc adequat! A la nostra ag\u00e8ncia de disseny web, ens enorgullim d&#8217;oferir <strong>solucions creatives i personalitzades<\/strong> per a la teva pres\u00e8ncia en l\u00ednia.<\/p>\n<p>El nostre equip d&#8217;experts en disseny web a Granollers est\u00e0 preparat per treballar amb tu i convertir les teves idees en una pres\u00e8ncia web impactant. Ja sigui que necessitis una p\u00e0gina web informativa, una botiga en l\u00ednia o una plataforma de blocs, <strong>estem aqu\u00ed per crear una experi\u00e8ncia en l\u00ednia<\/strong> que destacar\u00e0.<\/p>\n<p>Per qu\u00e8 triar-nos per al teu projecte de disseny web a Granollers?<\/p>\n<ul>\n<li><strong>Disseny Personalitzat:<\/strong> Creem llocs web \u00fanics i a mida que reflecteixin l&#8217;ess\u00e8ncia del teu negoci.<\/li>\n<li><strong>Funcionalitat de Darrera Generaci\u00f3:<\/strong> Implementem les \u00faltimes tecnologies web per assegurar-nos que el teu lloc funcioni sense problemes.<\/li>\n<li><strong>Optimitzaci\u00f3 per a M\u00f2bils:<\/strong> Tots els nostres dissenys s\u00f3n totalment responsius, la qual cosa significa que es veuran genials en qualsevol dispositiu.<\/li>\n<li><strong>SEO Amigable:<\/strong> Assegurem que el teu lloc estigui optimitzat per als motors de cerca, ajudant-te a destacar en l\u00ednia.<\/li>\n<li><strong>Suport Continu:<\/strong> Estem aqu\u00ed per a tu fins i tot despr\u00e9s del llan\u00e7ament, oferint suport i actualitzacions quan les necessitis.<\/li>\n<\/ul>\n<p>No importa si ets una empresa local, un emprenedor o una organitzaci\u00f3 sense \u00e0nim de lucre a Granollers, podem ajudar-te a tenir una pres\u00e8ncia en l\u00ednia que faci la difer\u00e8ncia.<\/p>\n<p>Si est\u00e0s a punt de dur la teva pres\u00e8ncia en l\u00ednia al seg\u00fcent nivell amb el millor disseny web a Granollers, posa&#8217;t en contacte amb nosaltres avui mateix! Junts, farem que la teva visi\u00f3 cobri vida a la web.<\/p>\n<h3><strong>Confia en nosaltres i farem una bona feina!<\/strong><\/h3>\n<\/div>\n<div><\/div>\n","protected":false},"excerpt":{"rendered":"<p>P\u00e0gines Web a Granollers: Creem Experi\u00e8ncies Online Impactants Est\u00e0s cercant el millor servei de disseny web a Granollers? Has arribat al lloc adequat! A la nostra ag\u00e8ncia de disseny web, ens enorgullim d&#8217;oferir solucions creatives i personalitzades per a la teva pres\u00e8ncia en l\u00ednia. El nostre equip d&#8217;experts en disseny web a Granollers est\u00e0 preparat [&hellip;]<\/p>\n","protected":false},"author":1,"featured_media":0,"parent":0,"menu_order":19,"comment_status":"closed","ping_status":"closed","template":"page-quisom.php","meta":{"_acf_changed":false,"footnotes":""},"class_list":["post-3987","page","type-page","status-publish","hentry"],"acf":[],"yoast_head":"<!-- This site is optimized with the Yoast SEO plugin v27.3 - https:\/\/yoast.com\/product\/yoast-seo-wordpress\/ -->\n<title>Disseny de p\u00e0gines web - Produccions Planet\u00e0ries<\/title>\n<meta name=\"robots\" content=\"index, follow, max-snippet:-1, max-image-preview:large, max-video-preview:-1\" \/>\n<link rel=\"canonical\" href=\"https:\/\/planetaries.cat\/en\/disseny-de-pagines-web\/\" \/>\n<meta property=\"og:locale\" content=\"en_US\" \/>\n<meta property=\"og:type\" content=\"article\" \/>\n<meta property=\"og:title\" content=\"Disseny de p\u00e0gines web - Produccions Planet\u00e0ries\" \/>\n<meta property=\"og:description\" content=\"P\u00e0gines Web a Granollers: Creem Experi\u00e8ncies Online Impactants Est\u00e0s cercant el millor servei de disseny web a Granollers? Has arribat al lloc adequat! A la nostra ag\u00e8ncia de disseny web, ens enorgullim d&#8217;oferir solucions creatives i personalitzades per a la teva pres\u00e8ncia en l\u00ednia. El nostre equip d&#8217;experts en disseny web a Granollers est\u00e0 preparat [&hellip;]\" \/>\n<meta property=\"og:url\" content=\"https:\/\/planetaries.cat\/en\/disseny-de-pagines-web\/\" \/>\n<meta property=\"og:site_name\" content=\"Produccions Planet\u00e0ries\" \/>\n<meta property=\"article:modified_time\" content=\"2026-04-07T11:13:44+00:00\" \/>\n<meta name=\"twitter:card\" content=\"summary_large_image\" \/>\n<meta name=\"twitter:label1\" content=\"Est. reading time\" \/>\n\t<meta name=\"twitter:data1\" content=\"2 minutes\" \/>\n<script type=\"application\/ld+json\" class=\"yoast-schema-graph\">{\"@context\":\"https:\\\/\\\/schema.org\",\"@graph\":[{\"@type\":\"WebPage\",\"@id\":\"https:\\\/\\\/planetaries.cat\\\/en\\\/disseny-de-pagines-web\\\/\",\"url\":\"https:\\\/\\\/planetaries.cat\\\/en\\\/disseny-de-pagines-web\\\/\",\"name\":\"Disseny de p\u00e0gines web - Produccions Planet\u00e0ries\",\"isPartOf\":{\"@id\":\"https:\\\/\\\/planetaries.cat\\\/en\\\/#website\"},\"datePublished\":\"2023-09-08T07:23:24+00:00\",\"dateModified\":\"2026-04-07T11:13:44+00:00\",\"breadcrumb\":{\"@id\":\"https:\\\/\\\/planetaries.cat\\\/en\\\/disseny-de-pagines-web\\\/#breadcrumb\"},\"inLanguage\":\"en-US\",\"potentialAction\":[{\"@type\":\"ReadAction\",\"target\":[\"https:\\\/\\\/planetaries.cat\\\/en\\\/disseny-de-pagines-web\\\/\"]}]},{\"@type\":\"BreadcrumbList\",\"@id\":\"https:\\\/\\\/planetaries.cat\\\/en\\\/disseny-de-pagines-web\\\/#breadcrumb\",\"itemListElement\":[{\"@type\":\"ListItem\",\"position\":1,\"name\":\"Inici\",\"item\":\"https:\\\/\\\/planetaries.cat\\\/en\\\/\"},{\"@type\":\"ListItem\",\"position\":2,\"name\":\"Disseny de p\u00e0gines web\"}]},{\"@type\":\"WebSite\",\"@id\":\"https:\\\/\\\/planetaries.cat\\\/en\\\/#website\",\"url\":\"https:\\\/\\\/planetaries.cat\\\/en\\\/\",\"name\":\"Produccions Planet\u00e0ries\",\"description\":\"Comunicaci\u00f3 Audiovisual\",\"publisher\":{\"@id\":\"https:\\\/\\\/planetaries.cat\\\/en\\\/#organization\"},\"potentialAction\":[{\"@type\":\"SearchAction\",\"target\":{\"@type\":\"EntryPoint\",\"urlTemplate\":\"https:\\\/\\\/planetaries.cat\\\/en\\\/?s={search_term_string}\"},\"query-input\":{\"@type\":\"PropertyValueSpecification\",\"valueRequired\":true,\"valueName\":\"search_term_string\"}}],\"inLanguage\":\"en-US\"},{\"@type\":\"Organization\",\"@id\":\"https:\\\/\\\/planetaries.cat\\\/en\\\/#organization\",\"name\":\"Produccions Planet\u00e0ries\",\"url\":\"https:\\\/\\\/planetaries.cat\\\/en\\\/\",\"logo\":{\"@type\":\"ImageObject\",\"inLanguage\":\"en-US\",\"@id\":\"https:\\\/\\\/planetaries.cat\\\/en\\\/#\\\/schema\\\/logo\\\/image\\\/\",\"url\":\"http:\\\/\\\/planetaries.cat\\\/wp-content\\\/uploads\\\/2023\\\/01\\\/logo.gif\",\"contentUrl\":\"http:\\\/\\\/planetaries.cat\\\/wp-content\\\/uploads\\\/2023\\\/01\\\/logo.gif\",\"width\":550,\"height\":168,\"caption\":\"Produccions Planet\u00e0ries\"},\"image\":{\"@id\":\"https:\\\/\\\/planetaries.cat\\\/en\\\/#\\\/schema\\\/logo\\\/image\\\/\"}}]}<\/script>\n<!-- \/ Yoast SEO plugin. -->","yoast_head_json":{"title":"Disseny de p\u00e0gines web - Produccions Planet\u00e0ries","robots":{"index":"index","follow":"follow","max-snippet":"max-snippet:-1","max-image-preview":"max-image-preview:large","max-video-preview":"max-video-preview:-1"},"canonical":"https:\/\/planetaries.cat\/en\/disseny-de-pagines-web\/","og_locale":"en_US","og_type":"article","og_title":"Disseny de p\u00e0gines web - Produccions Planet\u00e0ries","og_description":"P\u00e0gines Web a Granollers: Creem Experi\u00e8ncies Online Impactants Est\u00e0s cercant el millor servei de disseny web a Granollers? Has arribat al lloc adequat! A la nostra ag\u00e8ncia de disseny web, ens enorgullim d&#8217;oferir solucions creatives i personalitzades per a la teva pres\u00e8ncia en l\u00ednia. El nostre equip d&#8217;experts en disseny web a Granollers est\u00e0 preparat [&hellip;]","og_url":"https:\/\/planetaries.cat\/en\/disseny-de-pagines-web\/","og_site_name":"Produccions Planet\u00e0ries","article_modified_time":"2026-04-07T11:13:44+00:00","twitter_card":"summary_large_image","twitter_misc":{"Est. reading time":"2 minutes"},"schema":{"@context":"https:\/\/schema.org","@graph":[{"@type":"WebPage","@id":"https:\/\/planetaries.cat\/en\/disseny-de-pagines-web\/","url":"https:\/\/planetaries.cat\/en\/disseny-de-pagines-web\/","name":"Disseny de p\u00e0gines web - Produccions Planet\u00e0ries","isPartOf":{"@id":"https:\/\/planetaries.cat\/en\/#website"},"datePublished":"2023-09-08T07:23:24+00:00","dateModified":"2026-04-07T11:13:44+00:00","breadcrumb":{"@id":"https:\/\/planetaries.cat\/en\/disseny-de-pagines-web\/#breadcrumb"},"inLanguage":"en-US","potentialAction":[{"@type":"ReadAction","target":["https:\/\/planetaries.cat\/en\/disseny-de-pagines-web\/"]}]},{"@type":"BreadcrumbList","@id":"https:\/\/planetaries.cat\/en\/disseny-de-pagines-web\/#breadcrumb","itemListElement":[{"@type":"ListItem","position":1,"name":"Inici","item":"https:\/\/planetaries.cat\/en\/"},{"@type":"ListItem","position":2,"name":"Disseny de p\u00e0gines web"}]},{"@type":"WebSite","@id":"https:\/\/planetaries.cat\/en\/#website","url":"https:\/\/planetaries.cat\/en\/","name":"Produccions Planet\u00e0ries","description":"Comunicaci\u00f3 Audiovisual","publisher":{"@id":"https:\/\/planetaries.cat\/en\/#organization"},"potentialAction":[{"@type":"SearchAction","target":{"@type":"EntryPoint","urlTemplate":"https:\/\/planetaries.cat\/en\/?s={search_term_string}"},"query-input":{"@type":"PropertyValueSpecification","valueRequired":true,"valueName":"search_term_string"}}],"inLanguage":"en-US"},{"@type":"Organization","@id":"https:\/\/planetaries.cat\/en\/#organization","name":"Produccions Planet\u00e0ries","url":"https:\/\/planetaries.cat\/en\/","logo":{"@type":"ImageObject","inLanguage":"en-US","@id":"https:\/\/planetaries.cat\/en\/#\/schema\/logo\/image\/","url":"http:\/\/planetaries.cat\/wp-content\/uploads\/2023\/01\/logo.gif","contentUrl":"http:\/\/planetaries.cat\/wp-content\/uploads\/2023\/01\/logo.gif","width":550,"height":168,"caption":"Produccions Planet\u00e0ries"},"image":{"@id":"https:\/\/planetaries.cat\/en\/#\/schema\/logo\/image\/"}}]}},"_links":{"self":[{"href":"https:\/\/planetaries.cat\/en\/wp-json\/wp\/v2\/pages\/3987","targetHints":{"allow":["GET"]}}],"collection":[{"href":"https:\/\/planetaries.cat\/en\/wp-json\/wp\/v2\/pages"}],"about":[{"href":"https:\/\/planetaries.cat\/en\/wp-json\/wp\/v2\/types\/page"}],"author":[{"embeddable":true,"href":"https:\/\/planetaries.cat\/en\/wp-json\/wp\/v2\/users\/1"}],"replies":[{"embeddable":true,"href":"https:\/\/planetaries.cat\/en\/wp-json\/wp\/v2\/comments?post=3987"}],"version-history":[{"count":1,"href":"https:\/\/planetaries.cat\/en\/wp-json\/wp\/v2\/pages\/3987\/revisions"}],"predecessor-version":[{"id":3994,"href":"https:\/\/planetaries.cat\/en\/wp-json\/wp\/v2\/pages\/3987\/revisions\/3994"}],"wp:attachment":[{"href":"https:\/\/planetaries.cat\/en\/wp-json\/wp\/v2\/media?parent=3987"}],"curies":[{"name":"wp","href":"https:\/\/api.w.org\/{rel}","templated":true}]}}