{"id":163,"date":"2021-09-21T06:34:58","date_gmt":"2021-09-21T06:34:58","guid":{"rendered":"http:\/\/planetaries.cat\/nova\/base\/?page_id=163"},"modified":"2024-09-13T11:09:06","modified_gmt":"2024-09-13T11:09:06","slug":"aviso-legal","status":"publish","type":"page","link":"https:\/\/planetaries.cat\/es\/avis-legal\/","title":{"rendered":"Aviso legal"},"content":{"rendered":"<p>El presente Aviso Legal regula el acceso por parte del USUARIO del Sitio Web a los contenidos proporcionados por PRODUCCIONS PLANET\u00c0RIES SOLUCIONS AUDIOVISUALS, S.L. (en adelante PRODUCCIONS PLANET\u00c0RIES). La simple utilizaci\u00f3n de la informaci\u00f3n contenida en este Sitio Web implica la total aceptaci\u00f3n del Aviso Legal, por lo que aconsejamos que acceda peri\u00f3dicamente, debido a su constante actualizaci\u00f3n.<\/p>\n<p><strong>INFORMACI\u00d3N GENERAL:<\/strong><\/p>\n<p>De conformidad con lo dispuesto en el art\u00edculo 10 de la Ley 34\/2002, de 11 de julio, de Servicios de la Sociedad de la Informaci\u00f3n y de Comercio Electr\u00f3nico (en adelante, LSSICE), le informamos de que el titular del dominioes PRODUCCIONS PLANET\u00c0RIES SOLUCIONS AUDIOVISUALS, S.L. (CIF B61642104), con domicilio social en Avda. Prat de la Riba, n.\u00ba 77, Centro Audiovisual Roca Umbert, 08401 Granollers, Barcelona..<\/p>\n<p>Contacto: rgpd@propla.net<\/p>\n<p><strong>PROPIEDAD INTELECTUAL E INDUSTRIAL:<\/strong><\/p>\n<p>Los contenidos de , incluidos los textos, las im\u00e1genes, el dise\u00f1o gr\u00e1fico, el c\u00f3digo fuente, los logotipos, las marcas registradas, etc., son propiedad exclusiva de PRODUCCIONS PLANET\u00c0RIES y est\u00e1n protegidos por la normativa en materia de propiedad intelectual e industrial; por lo tanto, queda prohibida cualquier reproducci\u00f3n, modificaci\u00f3n, distribuci\u00f3n o manipulaci\u00f3n de los mismos..<\/p>\n<p>PLANETARY PRODUCTIONS es el titular exclusivo de todos los derechos de propiedad intelectual, industrial y an\u00e1logos que componen el sitio web. Asimismo, quedan reservados todos los derechos sobre cualquier contenido, servicio o elemento propiedad de PRODUCCIONS PLANET\u00c0RIES que se incorpore al sitio web, incluidos, a t\u00edtulo meramente enunciativo y no limitativo, aquellos elementos que constituyen la apariencia visual, la imagen gr\u00e1fica y otros est\u00edmulos sensoriales de las p\u00e1ginas web que componen el sitio web; entre otros, la arquitectura de navegaci\u00f3n; los c\u00f3digos fuente; las im\u00e1genes, grabaciones, programas inform\u00e1ticos, bases de datos, tecnolog\u00eda, logotipos y signos distintivos..<\/p>\n<p>Se compromete a no retirar, suprimir, alterar, manipular ni en modo alguno modificar aquellas notas, leyendas, indicaciones o s\u00edmbolos que bien PRODUCCIONS PLANET\u00c0RIES o bien los leg\u00edtimos titulares de los derechos incorporen a sus propiedades en materia de propiedad intelectual o industrial (como por ejemplo, copyright, \u00a9, \u00ae y \u2122, etc.), los dispositivos t\u00e9cnicos de protecci\u00f3n o identificaci\u00f3n que puedan contener los contenidos (como por ejemplo, marcas de agua, huellas digitales, etc.) y\/o el acceso, visualizaci\u00f3n y, en su caso, descarga de los contenidos y\/o servicios se realizar\u00e1 siempre y en todo caso con fines estrictamente personales y no comerciales.<\/p>\n<p>PRODUCCIONS PLANET\u00c0RIES se reserva todos los derechos de propiedad intelectual e industrial sobre los elementos de su sitio web, y no le concede ninguna licencia ni autorizaci\u00f3n para utilizar su propiedad, salvo lo expresamente detallado en esta cl\u00e1usula..<\/p>\n<p><strong>RESERVA DE DERECHOS:<\/strong><\/p>\n<p>PRODUCCIONS PLANET\u00c0RIES se reserva el derecho a actualizar, modificar o eliminar la informaci\u00f3n contenida en el sitio web, as\u00ed como su configuraci\u00f3n, caracter\u00edsticas o condiciones generales, en cualquier momento y sin previo aviso..<\/p>\n<p>PRODUCCIONS PLANET\u00c0RIES no garantiza la ausencia de interrupciones o errores en el acceso y\/o uso de , ni asumir\u00e1 responsabilidad alguna por los problemas t\u00e9cnicos o fallos que se produzcan durante la conexi\u00f3n a Internet. Tampoco garantiza la ausencia de virus u otros elementos que puedan causar alteraciones en su sistema inform\u00e1tico (software y hardware) o en los documentos y archivos electr\u00f3nicos almacenados en su sistema inform\u00e1tico, por lo que excluye cualquier responsabilidad por los da\u00f1os y perjuicios que puedan causarse a los sistemas inform\u00e1ticos, documentos o archivos electr\u00f3nicos de los usuarios..<\/p>\n<p><strong>LIMITACI\u00d3N DE RESPONSABILIDADES.<\/strong><\/p>\n<p>Acerca de la informaci\u00f3n: PRODUCCIONS PLANET\u00c0RIES no se hace responsable de la veracidad, exactitud, idoneidad, adecuaci\u00f3n a un fin determinado ni actualidad de la informaci\u00f3n facilitada a trav\u00e9s del sitio web. El contenido tiene \u00fanicamente fines informativos y, por lo tanto, PLANETARY PRODUCTIONS no asume ninguna responsabilidad por las decisiones que usted tome bas\u00e1ndose en \u00e9l, ni por los da\u00f1os o p\u00e9rdidas que usted o terceros puedan sufrir como consecuencia de la informaci\u00f3n obtenida en este sitio web..<\/p>\n<p>En cuanto a la calidad del servicio: Usted reconoce que es consciente de la existencia en la red de virus, gusanos y otros elementos maliciosos. Es su responsabilidad disponer de las herramientas adecuadas para la detecci\u00f3n y eliminaci\u00f3n de estos programas inform\u00e1ticos da\u00f1inos, y PRODUCCIONS PLANET\u00c0RIES no se hace responsable de los da\u00f1os que puedan producirse en su equipo inform\u00e1tico o en el de terceros durante su acceso a ..<\/p>\n<p>Disponibilidad del servicio: El acceso a  requiere servicios y suministros de otros proveedores de servicios de la sociedad de la informaci\u00f3n, cuya fiabilidad, calidad, continuidad y funcionamiento escapan al control de PRODUCCIONS PLANET\u00c0RIES. En consecuencia, los servicios prestados pueden quedar suspendidos, cancelados o ser inaccesibles en cualquier momento. PLANETARY PRODUCTIONS no asume responsabilidad alguna por los da\u00f1os o perjuicios de cualquier naturaleza que se deriven de fallos o desconexiones en las redes de telecomunicaciones que provoquen la suspensi\u00f3n, cancelaci\u00f3n o interrupci\u00f3n del servicio del Portal durante su prestaci\u00f3n o con anterioridad a la misma..<\/p>\n<p>De los contenidos a los que se accede en o a trav\u00e9s del portal: El presente Sitio Web permite el acceso a enlaces y otros sitios web (en adelante, \u201cSitios Enlazados\u201d). En estos casos, PRODUCCIONS PLANET\u00c0RIES act\u00faa como prestador de servicios de intermediaci\u00f3n de conformidad con lo que dispone la LSSICE, por lo que s\u00f3lo ser\u00e1 responsable de los contenidos y servicios suministrados en los Sitios Enlazados en la medida en que tenga conocimiento efectivo de la ilicitud y no haya actuado con la diligencia debida para retirar dichos contenidos. Si considera que uno de los Sitios Enlazados incluye contenidos il\u00edcitos o inadecuados podr\u00e1 comunic\u00e1rselo a PRODUCCIONS PLANET\u00c0RIES, quien actuar\u00e1 con toda diligencia para retirar los enlaces que sea conveniente. PRODUCCIONS PLANET\u00c0RIES, tampoco se hace responsable de los contenidos y servicios ofrecidos en los Sitios Enlazados, por lo que no responde de los da\u00f1os producidos por su ilicitud, calidad, desactualizaci\u00f3n, indisponibilidad, error o inutilidad.<\/p>\n<p><strong>LICENSE OF LINKS:<\/strong><\/p>\n<p>Cualquier enlace de terceros a este sitio webdeber\u00e1 dirigir a su p\u00e1gina principal o de inicio. Usted, y en general cualquier persona que desee establecer un enlace, deber\u00e1 cumplir las condiciones que se detallan a continuaci\u00f3n. Cualquier otra intenci\u00f3n de establecer un enlace no contemplada en esta cl\u00e1usula requerir\u00e1 el consentimiento previo por escrito de PRODUCCIONS PLANET\u00c0RIES..<\/p>\n<p>No est\u00e1 permitido reproducir ni imitar, ni total ni parcialmente, el contenido de , ni su presentaci\u00f3n gr\u00e1fica (\u201caspecto y estilo\u201d), ni utilizar marcos o enlaces en l\u00ednea a las p\u00e1ginas de PRODUCCIONS PLANET\u00c0RIES. No est\u00e1 permitido crear un navegador, un marco o un entorno de navegaci\u00f3n, ni una barra de navegaci\u00f3n, sobre el sitio web..<\/p>\n<p>No se realizar\u00e1n declaraciones o indicaciones falsas, inexactas, incorrectas o denigrantes sobre el sitio webo cualquiera de las propiedades de PRODUCCIONS PLANET\u00c0RIES y, en particular, no se podr\u00e1 afirmar ni dar a entender que PLANETARY PRODUCTIONS sea socio colaborador o haya supervisado o asumido responsabilidad alguna por los contenidos o servicios ofrecidos o puestos a disposici\u00f3n en el sitio web al que se remita el enlace..<\/p>\n<p>El Sitio Web en que se establezca el enlace no contendr\u00e1 ninguna marca, nombre comercial, r\u00f3tulo comercial, denominaci\u00f3n, logotipo, eslogan u otros signos distintivos pertenecientes a PRODUCCIONS PLANET\u00c0RIES, excepci\u00f3n hecha de aquellos signos que formen parte del mismo enlace o aquellas otras propiedades que hayan sido licenciadas previamente por escrito por PRODUCCIONS PLANET\u00c0RIES. Asimismo, el Sitio Web en el que se establezca el enlace no contendr\u00e1 informaci\u00f3n ni contenidos il\u00edcitos, contrarios a la moral, las buenas costumbres generalmente aceptadas y al orden p\u00fablico.<\/p>\n<p>PRODUCCIONS PLANET\u00c0RIES se reserva el derecho de emprender las acciones legales que correspondan contra quien incumpla las prohibiciones incluidas en el presente Aviso Legal.<\/p>\n<p><strong>PROHIBICIONES:<\/strong><\/p>\n<p>Queda expresamente prohibido:<\/p>\n<p>Utilizar cualquiera de los contenidos y servicios con fines o efectos il\u00edcitos, prohibidos en el presente Aviso Legal, lesivos de los derechos e intereses de terceros, o que de cualquier forma puedan da\u00f1ar, inutilizar, sobrecargar, deteriorar o impedir la normal utilizaci\u00f3n de los servicios, los equipos inform\u00e1ticos o los documentos, archivos y toda clase de contenidos almacenados en cualquier equipo inform\u00e1tico de PRODUCCIONS PLANET\u00c0RIES.<br \/>\nUtilizar contenidos y servicios que se encuentren protegidos por cualquier derecho de propiedad intelectual o industrial pertenecientes a la entidad o a terceros, sin que usted haya obtenido previamente de sus titulares la autorizaci\u00f3n necesaria para llevar a cabo el uso que efect\u00faa o pretende efectuar.<br \/>\nReproducir, copiar, distribuir, comunicar, transformar o modificar los contenidos, a menos que se cuente con la autorizaci\u00f3n del titular de los correspondientes derechos o ello resulte legalmente permitido.<br \/>\nIncorporar virus u otros elementos f\u00edsicos o electr\u00f3nicos que puedan da\u00f1ar o impedir el normal funcionamiento de la red, del sistema o de equipos inform\u00e1ticos (hardware y software) de PRODUCCIONS PLANET\u00c0RIES o de terceros o que puedan da\u00f1ar los documentos electr\u00f3nicos y archivos almacenados en dichos equipos inform\u00e1ticos.<br \/>\nLa obtenci\u00f3n o incluso el intento de obtenci\u00f3n de los contenidos empleando para ello medios o procedimientos distintos de los que, seg\u00fan los casos, se hayan puesto a su disposici\u00f3n a este efecto en general, de los que se empleen habitualmente en Internet a este efecto siempre que no entra\u00f1en un riesgo de da\u00f1o o inutilizaci\u00f3n de la Web, de los Servicios y\/o de los Contenidos.<\/p>\n<p><strong>LEGISLACI\u00d3N<\/strong><\/p>\n<p>El presente Aviso Legal se rige en todos y cada uno de sus extremos por la ley espa\u00f1ola.<\/p>\n<p>Para toda cuesti\u00f3n litigiosa relacionada con este Sitio Web ser\u00e1 de aplicaci\u00f3n la legislaci\u00f3n espa\u00f1ola, siendo competentes para ello los Juzgados y Tribunales de la ciudad de Barcelona (Espa\u00f1a).<\/p>","protected":false},"excerpt":{"rendered":"<p>El presente Aviso Legal regula el acceso por parte del USUARIO del Sitio Web a los contenidos proporcionados por PRODUCCIONS PLANET\u00c0RIES SOLUCIONS AUDIOVISUALS, S.L. (en adelante PRODUCCIONS PLANET\u00c0RIES). La simple utilizaci\u00f3n de la informaci\u00f3n contenida en este Sitio Web implica la total aceptaci\u00f3n del Aviso Legal, por lo que aconsejamos que acceda peri\u00f3dicamente, debido a [&hellip;]<\/p>\n","protected":false},"author":1,"featured_media":0,"parent":0,"menu_order":6,"comment_status":"closed","ping_status":"closed","template":"","meta":{"_acf_changed":false,"footnotes":""},"class_list":["post-163","page","type-page","status-publish","hentry"],"acf":[],"yoast_head":"<!-- This site is optimized with the Yoast SEO plugin v27.3 - https:\/\/yoast.com\/product\/yoast-seo-wordpress\/ -->\n<title>Av\u00eds legal - Produccions Planet\u00e0ries<\/title>\n<meta name=\"robots\" content=\"index, follow, max-snippet:-1, max-image-preview:large, max-video-preview:-1\" \/>\n<link rel=\"canonical\" href=\"https:\/\/planetaries.cat\/es\/aviso-legal\/\" \/>\n<meta property=\"og:locale\" content=\"es_ES\" \/>\n<meta property=\"og:type\" content=\"article\" \/>\n<meta property=\"og:title\" content=\"Av\u00eds legal - Produccions Planet\u00e0ries\" \/>\n<meta property=\"og:description\" content=\"El presente Aviso Legal regula el acceso por parte del USUARIO del Sitio Web a los contenidos proporcionados por PRODUCCIONS PLANET\u00c0RIES SOLUCIONS AUDIOVISUALS, S.L. (en adelante PRODUCCIONS PLANET\u00c0RIES). La simple utilizaci\u00f3n de la informaci\u00f3n contenida en este Sitio Web implica la total aceptaci\u00f3n del Aviso Legal, por lo que aconsejamos que acceda peri\u00f3dicamente, debido a [&hellip;]\" \/>\n<meta property=\"og:url\" content=\"https:\/\/planetaries.cat\/es\/aviso-legal\/\" \/>\n<meta property=\"og:site_name\" content=\"Produccions Planet\u00e0ries\" \/>\n<meta property=\"article:modified_time\" content=\"2024-09-13T11:09:06+00:00\" \/>\n<meta name=\"twitter:card\" content=\"summary_large_image\" \/>\n<meta name=\"twitter:label1\" content=\"Tiempo de lectura\" \/>\n\t<meta name=\"twitter:data1\" content=\"9 minutos\" \/>\n<script type=\"application\/ld+json\" class=\"yoast-schema-graph\">{\"@context\":\"https:\\\/\\\/schema.org\",\"@graph\":[{\"@type\":\"WebPage\",\"@id\":\"https:\\\/\\\/planetaries.cat\\\/avis-legal\\\/\",\"url\":\"https:\\\/\\\/planetaries.cat\\\/avis-legal\\\/\",\"name\":\"Av\u00eds legal - Produccions Planet\u00e0ries\",\"isPartOf\":{\"@id\":\"https:\\\/\\\/planetaries.cat\\\/#website\"},\"datePublished\":\"2021-09-21T06:34:58+00:00\",\"dateModified\":\"2024-09-13T11:09:06+00:00\",\"breadcrumb\":{\"@id\":\"https:\\\/\\\/planetaries.cat\\\/avis-legal\\\/#breadcrumb\"},\"inLanguage\":\"es\",\"potentialAction\":[{\"@type\":\"ReadAction\",\"target\":[\"https:\\\/\\\/planetaries.cat\\\/avis-legal\\\/\"]}]},{\"@type\":\"BreadcrumbList\",\"@id\":\"https:\\\/\\\/planetaries.cat\\\/avis-legal\\\/#breadcrumb\",\"itemListElement\":[{\"@type\":\"ListItem\",\"position\":1,\"name\":\"Inici\",\"item\":\"https:\\\/\\\/planetaries.cat\\\/\"},{\"@type\":\"ListItem\",\"position\":2,\"name\":\"Av\u00eds legal\"}]},{\"@type\":\"WebSite\",\"@id\":\"https:\\\/\\\/planetaries.cat\\\/#website\",\"url\":\"https:\\\/\\\/planetaries.cat\\\/\",\"name\":\"Produccions Planet\u00e0ries\",\"description\":\"Comunicaci\u00f3 Audiovisual\",\"publisher\":{\"@id\":\"https:\\\/\\\/planetaries.cat\\\/#organization\"},\"potentialAction\":[{\"@type\":\"SearchAction\",\"target\":{\"@type\":\"EntryPoint\",\"urlTemplate\":\"https:\\\/\\\/planetaries.cat\\\/?s={search_term_string}\"},\"query-input\":{\"@type\":\"PropertyValueSpecification\",\"valueRequired\":true,\"valueName\":\"search_term_string\"}}],\"inLanguage\":\"es\"},{\"@type\":\"Organization\",\"@id\":\"https:\\\/\\\/planetaries.cat\\\/#organization\",\"name\":\"Produccions Planet\u00e0ries\",\"url\":\"https:\\\/\\\/planetaries.cat\\\/\",\"logo\":{\"@type\":\"ImageObject\",\"inLanguage\":\"es\",\"@id\":\"https:\\\/\\\/planetaries.cat\\\/#\\\/schema\\\/logo\\\/image\\\/\",\"url\":\"http:\\\/\\\/planetaries.cat\\\/wp-content\\\/uploads\\\/2023\\\/01\\\/logo.gif\",\"contentUrl\":\"http:\\\/\\\/planetaries.cat\\\/wp-content\\\/uploads\\\/2023\\\/01\\\/logo.gif\",\"width\":550,\"height\":168,\"caption\":\"Produccions Planet\u00e0ries\"},\"image\":{\"@id\":\"https:\\\/\\\/planetaries.cat\\\/#\\\/schema\\\/logo\\\/image\\\/\"}}]}<\/script>\n<!-- \/ Yoast SEO plugin. -->","yoast_head_json":{"title":"Aviso legal - Producciones Planetarias","robots":{"index":"index","follow":"follow","max-snippet":"max-snippet:-1","max-image-preview":"max-image-preview:large","max-video-preview":"max-video-preview:-1"},"canonical":"https:\/\/planetaries.cat\/es\/aviso-legal\/","og_locale":"es_ES","og_type":"article","og_title":"Av\u00eds legal - Produccions Planet\u00e0ries","og_description":"El presente Aviso Legal regula el acceso por parte del USUARIO del Sitio Web a los contenidos proporcionados por PRODUCCIONS PLANET\u00c0RIES SOLUCIONS AUDIOVISUALS, S.L. (en adelante PRODUCCIONS PLANET\u00c0RIES). La simple utilizaci\u00f3n de la informaci\u00f3n contenida en este Sitio Web implica la total aceptaci\u00f3n del Aviso Legal, por lo que aconsejamos que acceda peri\u00f3dicamente, debido a [&hellip;]","og_url":"https:\/\/planetaries.cat\/es\/aviso-legal\/","og_site_name":"Produccions Planet\u00e0ries","article_modified_time":"2024-09-13T11:09:06+00:00","twitter_card":"summary_large_image","twitter_misc":{"Tiempo de lectura":"9 minutos"},"schema":{"@context":"https:\/\/schema.org","@graph":[{"@type":"WebPage","@id":"https:\/\/planetaries.cat\/avis-legal\/","url":"https:\/\/planetaries.cat\/avis-legal\/","name":"Aviso legal - Producciones Planetarias","isPartOf":{"@id":"https:\/\/planetaries.cat\/#website"},"datePublished":"2021-09-21T06:34:58+00:00","dateModified":"2024-09-13T11:09:06+00:00","breadcrumb":{"@id":"https:\/\/planetaries.cat\/avis-legal\/#breadcrumb"},"inLanguage":"es","potentialAction":[{"@type":"ReadAction","target":["https:\/\/planetaries.cat\/avis-legal\/"]}]},{"@type":"BreadcrumbList","@id":"https:\/\/planetaries.cat\/avis-legal\/#breadcrumb","itemListElement":[{"@type":"ListItem","position":1,"name":"Inici","item":"https:\/\/planetaries.cat\/"},{"@type":"ListItem","position":2,"name":"Av\u00eds legal"}]},{"@type":"WebSite","@id":"https:\/\/planetaries.cat\/#website","url":"https:\/\/planetaries.cat\/","name":"Producciones Planetarias","description":"Comunicaci\u00f3n Audiovisual","publisher":{"@id":"https:\/\/planetaries.cat\/#organization"},"potentialAction":[{"@type":"SearchAction","target":{"@type":"EntryPoint","urlTemplate":"https:\/\/planetaries.cat\/?s={search_term_string}"},"query-input":{"@type":"PropertyValueSpecification","valueRequired":true,"valueName":"search_term_string"}}],"inLanguage":"es"},{"@type":"Organization","@id":"https:\/\/planetaries.cat\/#organization","name":"Producciones Planetarias","url":"https:\/\/planetaries.cat\/","logo":{"@type":"ImageObject","inLanguage":"es","@id":"https:\/\/planetaries.cat\/#\/schema\/logo\/image\/","url":"http:\/\/planetaries.cat\/wp-content\/uploads\/2023\/01\/logo.gif","contentUrl":"http:\/\/planetaries.cat\/wp-content\/uploads\/2023\/01\/logo.gif","width":550,"height":168,"caption":"Produccions Planet\u00e0ries"},"image":{"@id":"https:\/\/planetaries.cat\/#\/schema\/logo\/image\/"}}]}},"_links":{"self":[{"href":"https:\/\/planetaries.cat\/es\/wp-json\/wp\/v2\/pages\/163","targetHints":{"allow":["GET"]}}],"collection":[{"href":"https:\/\/planetaries.cat\/es\/wp-json\/wp\/v2\/pages"}],"about":[{"href":"https:\/\/planetaries.cat\/es\/wp-json\/wp\/v2\/types\/page"}],"author":[{"embeddable":true,"href":"https:\/\/planetaries.cat\/es\/wp-json\/wp\/v2\/users\/1"}],"replies":[{"embeddable":true,"href":"https:\/\/planetaries.cat\/es\/wp-json\/wp\/v2\/comments?post=163"}],"version-history":[{"count":13,"href":"https:\/\/planetaries.cat\/es\/wp-json\/wp\/v2\/pages\/163\/revisions"}],"predecessor-version":[{"id":3920,"href":"https:\/\/planetaries.cat\/es\/wp-json\/wp\/v2\/pages\/163\/revisions\/3920"}],"wp:attachment":[{"href":"https:\/\/planetaries.cat\/es\/wp-json\/wp\/v2\/media?parent=163"}],"curies":[{"name":"wp","href":"https:\/\/api.w.org\/{rel}","templated":true}]}}