{"id":1913,"date":"2021-08-30T06:56:54","date_gmt":"2021-08-30T06:56:54","guid":{"rendered":"http:\/\/planetaries.cat\/planetaries\/"},"modified":"2023-05-10T10:08:05","modified_gmt":"2023-05-10T10:08:05","slug":"planetaries","status":"publish","type":"page","link":"https:\/\/planetaries.cat\/es\/planetaries\/","title":{"rendered":"Planet\u00e0ries"},"content":{"rendered":"<h3>Especialistas en dise\u00f1o web y videos corporativos en Granollers.<\/h3>\n<p>\u00bfEst\u00e1 buscando su empresa un socio de comunicaci\u00f3n y marketing? En <strong>Produccions Planetaries<\/strong> somos <strong>especialistas en dise\u00f1o web, programaci\u00f3n web, videos corporativos y videos institucionales<\/strong>, as\u00ed como tambi\u00e9n somos expertos en streaming en vivo para eventos online, h\u00edbridos y presenciales.<\/p>\n<p>A pesar de nuestros 25 a\u00f1os de experiencia, somos una empresa joven, din\u00e1mica e innovadora y, sobre todo, resolutiva. Coordinamos sus acciones de comunicaci\u00f3n para lograr los objetivos marcados.<\/p>\n<p>Nuestro equipo de profesionales est\u00e1 formado por una decena de personas, cada una experta en su \u00e1rea, desde el <strong>dise\u00f1o gr\u00e1fico<\/strong> hasta la <strong>producci\u00f3n audiovisual<\/strong>. Esto nos permite ofrecer soluciones integrales para sus proyectos, con un \u00fanico interlocutor para todo.<\/p>\n<p>No solo eso, tambi\u00e9n somos expertos en comunicaci\u00f3n y marketing, y le ayudaremos a vender m\u00e1s, a tener m\u00e1s notoriedad y a comunicar mejor sus servicios. Somos su equipo de confianza para todo lo que necesite en comunicaci\u00f3n audiovisual.<\/p>\n<p>Nuestra vocaci\u00f3n de servicio nos lleva a ofrecerle las mejores soluciones y facilidades para hacer el trabajo. Trabajamos con una l\u00ednea muy definida, con continuidad evidente y unos costos muy contenidos.<\/p>\n<h3><strong>\u00a1Conf\u00ede en nosotros y haremos un buen trabajo!<\/strong><\/h3>\n","protected":false},"excerpt":{"rendered":"<p>Especialistas en dise\u00f1o web y videos corporativos en Granollers. \u00bfEst\u00e1 buscando su empresa un socio de comunicaci\u00f3n y marketing? En Produccions Planetaries somos especialistas en dise\u00f1o web, programaci\u00f3n web, videos corporativos y videos institucionales, as\u00ed como tambi\u00e9n somos expertos en streaming en vivo para eventos online, h\u00edbridos y presenciales. A pesar de nuestros 25 a\u00f1os [&hellip;]<\/p>\n","protected":false},"author":1,"featured_media":0,"parent":0,"menu_order":15,"comment_status":"closed","ping_status":"closed","template":"page-quisom.php","meta":{"_acf_changed":false,"footnotes":""},"class_list":["post-1913","page","type-page","status-publish","hentry"],"acf":[],"yoast_head":"<!-- This site is optimized with the Yoast SEO plugin v27.3 - https:\/\/yoast.com\/product\/yoast-seo-wordpress\/ -->\n<title>Planet\u00e0ries - Produccions Planet\u00e0ries<\/title>\n<meta name=\"robots\" content=\"index, follow, max-snippet:-1, max-image-preview:large, max-video-preview:-1\" \/>\n<link rel=\"canonical\" href=\"https:\/\/planetaries.cat\/es\/planetaries\/\" \/>\n<meta property=\"og:locale\" content=\"es_ES\" \/>\n<meta property=\"og:type\" content=\"article\" \/>\n<meta property=\"og:title\" content=\"Planet\u00e0ries - Produccions Planet\u00e0ries\" \/>\n<meta property=\"og:description\" content=\"Especialistas en dise\u00f1o web y videos corporativos en Granollers. \u00bfEst\u00e1 buscando su empresa un socio de comunicaci\u00f3n y marketing? En Produccions Planetaries somos especialistas en dise\u00f1o web, programaci\u00f3n web, videos corporativos y videos institucionales, as\u00ed como tambi\u00e9n somos expertos en streaming en vivo para eventos online, h\u00edbridos y presenciales. A pesar de nuestros 25 a\u00f1os [&hellip;]\" \/>\n<meta property=\"og:url\" content=\"https:\/\/planetaries.cat\/es\/planetaries\/\" \/>\n<meta property=\"og:site_name\" content=\"Produccions Planet\u00e0ries\" \/>\n<meta property=\"article:modified_time\" content=\"2023-05-10T10:08:05+00:00\" \/>\n<meta name=\"twitter:card\" content=\"summary_large_image\" \/>\n<meta name=\"twitter:label1\" content=\"Tiempo de lectura\" \/>\n\t<meta name=\"twitter:data1\" content=\"2 minutos\" \/>\n<script type=\"application\/ld+json\" class=\"yoast-schema-graph\">{\"@context\":\"https:\\\/\\\/schema.org\",\"@graph\":[{\"@type\":\"WebPage\",\"@id\":\"https:\\\/\\\/planetaries.cat\\\/es\\\/planetaries\\\/\",\"url\":\"https:\\\/\\\/planetaries.cat\\\/es\\\/planetaries\\\/\",\"name\":\"Planet\u00e0ries - Produccions Planet\u00e0ries\",\"isPartOf\":{\"@id\":\"https:\\\/\\\/planetaries.cat\\\/es\\\/#website\"},\"datePublished\":\"2021-08-30T06:56:54+00:00\",\"dateModified\":\"2023-05-10T10:08:05+00:00\",\"breadcrumb\":{\"@id\":\"https:\\\/\\\/planetaries.cat\\\/es\\\/planetaries\\\/#breadcrumb\"},\"inLanguage\":\"es\",\"potentialAction\":[{\"@type\":\"ReadAction\",\"target\":[\"https:\\\/\\\/planetaries.cat\\\/es\\\/planetaries\\\/\"]}]},{\"@type\":\"BreadcrumbList\",\"@id\":\"https:\\\/\\\/planetaries.cat\\\/es\\\/planetaries\\\/#breadcrumb\",\"itemListElement\":[{\"@type\":\"ListItem\",\"position\":1,\"name\":\"Inici\",\"item\":\"http:\\\/\\\/planetaries.cat\\\/es\\\/\"},{\"@type\":\"ListItem\",\"position\":2,\"name\":\"Planet\u00e0ries\"}]},{\"@type\":\"WebSite\",\"@id\":\"https:\\\/\\\/planetaries.cat\\\/es\\\/#website\",\"url\":\"https:\\\/\\\/planetaries.cat\\\/es\\\/\",\"name\":\"Produccions Planet\u00e0ries\",\"description\":\"Comunicaci\u00f3 Audiovisual\",\"publisher\":{\"@id\":\"https:\\\/\\\/planetaries.cat\\\/es\\\/#organization\"},\"potentialAction\":[{\"@type\":\"SearchAction\",\"target\":{\"@type\":\"EntryPoint\",\"urlTemplate\":\"https:\\\/\\\/planetaries.cat\\\/es\\\/?s={search_term_string}\"},\"query-input\":{\"@type\":\"PropertyValueSpecification\",\"valueRequired\":true,\"valueName\":\"search_term_string\"}}],\"inLanguage\":\"es\"},{\"@type\":\"Organization\",\"@id\":\"https:\\\/\\\/planetaries.cat\\\/es\\\/#organization\",\"name\":\"Produccions Planet\u00e0ries\",\"url\":\"https:\\\/\\\/planetaries.cat\\\/es\\\/\",\"logo\":{\"@type\":\"ImageObject\",\"inLanguage\":\"es\",\"@id\":\"https:\\\/\\\/planetaries.cat\\\/es\\\/#\\\/schema\\\/logo\\\/image\\\/\",\"url\":\"http:\\\/\\\/planetaries.cat\\\/wp-content\\\/uploads\\\/2023\\\/01\\\/logo.gif\",\"contentUrl\":\"http:\\\/\\\/planetaries.cat\\\/wp-content\\\/uploads\\\/2023\\\/01\\\/logo.gif\",\"width\":550,\"height\":168,\"caption\":\"Produccions Planet\u00e0ries\"},\"image\":{\"@id\":\"https:\\\/\\\/planetaries.cat\\\/es\\\/#\\\/schema\\\/logo\\\/image\\\/\"}}]}<\/script>\n<!-- \/ Yoast SEO plugin. -->","yoast_head_json":{"title":"Planet\u00e0ries - Produccions Planet\u00e0ries","robots":{"index":"index","follow":"follow","max-snippet":"max-snippet:-1","max-image-preview":"max-image-preview:large","max-video-preview":"max-video-preview:-1"},"canonical":"https:\/\/planetaries.cat\/es\/planetaries\/","og_locale":"es_ES","og_type":"article","og_title":"Planet\u00e0ries - Produccions Planet\u00e0ries","og_description":"Especialistas en dise\u00f1o web y videos corporativos en Granollers. \u00bfEst\u00e1 buscando su empresa un socio de comunicaci\u00f3n y marketing? En Produccions Planetaries somos especialistas en dise\u00f1o web, programaci\u00f3n web, videos corporativos y videos institucionales, as\u00ed como tambi\u00e9n somos expertos en streaming en vivo para eventos online, h\u00edbridos y presenciales. A pesar de nuestros 25 a\u00f1os [&hellip;]","og_url":"https:\/\/planetaries.cat\/es\/planetaries\/","og_site_name":"Produccions Planet\u00e0ries","article_modified_time":"2023-05-10T10:08:05+00:00","twitter_card":"summary_large_image","twitter_misc":{"Tiempo de lectura":"2 minutos"},"schema":{"@context":"https:\/\/schema.org","@graph":[{"@type":"WebPage","@id":"https:\/\/planetaries.cat\/es\/planetaries\/","url":"https:\/\/planetaries.cat\/es\/planetaries\/","name":"Planet\u00e0ries - Produccions Planet\u00e0ries","isPartOf":{"@id":"https:\/\/planetaries.cat\/es\/#website"},"datePublished":"2021-08-30T06:56:54+00:00","dateModified":"2023-05-10T10:08:05+00:00","breadcrumb":{"@id":"https:\/\/planetaries.cat\/es\/planetaries\/#breadcrumb"},"inLanguage":"es","potentialAction":[{"@type":"ReadAction","target":["https:\/\/planetaries.cat\/es\/planetaries\/"]}]},{"@type":"BreadcrumbList","@id":"https:\/\/planetaries.cat\/es\/planetaries\/#breadcrumb","itemListElement":[{"@type":"ListItem","position":1,"name":"Inici","item":"http:\/\/planetaries.cat\/es\/"},{"@type":"ListItem","position":2,"name":"Planet\u00e0ries"}]},{"@type":"WebSite","@id":"https:\/\/planetaries.cat\/es\/#website","url":"https:\/\/planetaries.cat\/es\/","name":"Produccions Planet\u00e0ries","description":"Comunicaci\u00f3 Audiovisual","publisher":{"@id":"https:\/\/planetaries.cat\/es\/#organization"},"potentialAction":[{"@type":"SearchAction","target":{"@type":"EntryPoint","urlTemplate":"https:\/\/planetaries.cat\/es\/?s={search_term_string}"},"query-input":{"@type":"PropertyValueSpecification","valueRequired":true,"valueName":"search_term_string"}}],"inLanguage":"es"},{"@type":"Organization","@id":"https:\/\/planetaries.cat\/es\/#organization","name":"Produccions Planet\u00e0ries","url":"https:\/\/planetaries.cat\/es\/","logo":{"@type":"ImageObject","inLanguage":"es","@id":"https:\/\/planetaries.cat\/es\/#\/schema\/logo\/image\/","url":"http:\/\/planetaries.cat\/wp-content\/uploads\/2023\/01\/logo.gif","contentUrl":"http:\/\/planetaries.cat\/wp-content\/uploads\/2023\/01\/logo.gif","width":550,"height":168,"caption":"Produccions Planet\u00e0ries"},"image":{"@id":"https:\/\/planetaries.cat\/es\/#\/schema\/logo\/image\/"}}]}},"_links":{"self":[{"href":"https:\/\/planetaries.cat\/es\/wp-json\/wp\/v2\/pages\/1913","targetHints":{"allow":["GET"]}}],"collection":[{"href":"https:\/\/planetaries.cat\/es\/wp-json\/wp\/v2\/pages"}],"about":[{"href":"https:\/\/planetaries.cat\/es\/wp-json\/wp\/v2\/types\/page"}],"author":[{"embeddable":true,"href":"https:\/\/planetaries.cat\/es\/wp-json\/wp\/v2\/users\/1"}],"replies":[{"embeddable":true,"href":"https:\/\/planetaries.cat\/es\/wp-json\/wp\/v2\/comments?post=1913"}],"version-history":[{"count":5,"href":"https:\/\/planetaries.cat\/es\/wp-json\/wp\/v2\/pages\/1913\/revisions"}],"predecessor-version":[{"id":3431,"href":"https:\/\/planetaries.cat\/es\/wp-json\/wp\/v2\/pages\/1913\/revisions\/3431"}],"wp:attachment":[{"href":"https:\/\/planetaries.cat\/es\/wp-json\/wp\/v2\/media?parent=1913"}],"curies":[{"name":"wp","href":"https:\/\/api.w.org\/{rel}","templated":true}]}}