{"id":11,"date":"2021-08-30T06:56:54","date_gmt":"2021-08-30T06:56:54","guid":{"rendered":"http:\/\/planetaries.cat\/nova\/base\/?page_id=11"},"modified":"2023-05-10T10:08:20","modified_gmt":"2023-05-10T10:08:20","slug":"planetaries","status":"publish","type":"page","link":"https:\/\/planetaries.cat\/fr\/planetaries\/","title":{"rendered":"Plan\u00e9taire"},"content":{"rendered":"<h3>Especialistes en disseny web i videos corporatius a Granollers<\/h3>\n<div class=\"gmail_default\">\n<p>La teva empresa est\u00e0 buscant un partner de comunicaci\u00f3 i marketing? A <strong>Produccions\u00a0Planet\u00e0ries<\/strong> som especialistes en <strong>disseny web, programaci\u00f3 web, videos corporatius i videos institucionals<\/strong>, tamb\u00e9 som experts en streamings en directe per a esdeveniments online, Hibrids\u00a0i presencials.<\/p>\n<p>Tot i els 25 anys d&#8217;experi\u00e8ncia, som una empresa jove, din\u00e0mica i innovadora i sobretot resolutiva. Coordinem les vostres accions de comunicaci\u00f3 per assolir els objectius marcats.<\/p>\n<p>El nostre equip de professionals est\u00e0 format per una desena de persones, cadascuna experta en la seva \u00e0rea, des del <strong>disseny gr\u00e0fic<\/strong> fins a la <strong>producci\u00f3 audiovisual<\/strong>. Aix\u00f2 ens permet oferir-vos solucions integrals per als vostres projectes, amb un \u00fanic interlocutor per a tot.<\/p>\n<p>No nom\u00e9s aix\u00f2, tamb\u00e9 som experts en <strong>comunicaci\u00f3 i m\u00e0rqueting<\/strong>, i us ajudarem a vendre m\u00e9s, a tenir m\u00e9s notorietat i a comunicar millor els vostres serveis. Som el vostre equip de confian\u00e7a per a tot el que necessiteu en<strong> comunicaci\u00f3 audiovisual.<\/strong><\/p>\n<p>La nostra vocaci\u00f3 de servei ens porta a oferir-vos les millors solucions i facilitats per fer la feina. Treballem amb una l\u00ednia molt definida, amb continu\u00eftat evident i uns costos molt continguts.<\/p>\n<h3><strong>Confia en nosaltres i farem una bona feina!<\/strong><\/h3>\n<\/div>\n<div><\/div>","protected":false},"excerpt":{"rendered":"<p>Especialistes en disseny web i videos corporatius a Granollers La teva empresa est\u00e0 buscant un partner de comunicaci\u00f3 i marketing? A Produccions\u00a0Planet\u00e0ries som especialistes en disseny web, programaci\u00f3 web, videos corporatius i videos institucionals, tamb\u00e9 som experts en streamings en directe per a esdeveniments online, Hibrids\u00a0i presencials. Tot i els 25 anys d&#8217;experi\u00e8ncia, som una [&hellip;]<\/p>\n","protected":false},"author":1,"featured_media":0,"parent":0,"menu_order":13,"comment_status":"closed","ping_status":"closed","template":"page-quisom.php","meta":{"_acf_changed":false,"footnotes":""},"class_list":["post-11","page","type-page","status-publish","hentry"],"acf":[],"yoast_head":"<!-- This site is optimized with the Yoast SEO plugin v27.3 - https:\/\/yoast.com\/product\/yoast-seo-wordpress\/ -->\n<title>Planet\u00e0ries - Produccions Planet\u00e0ries<\/title>\n<meta name=\"robots\" content=\"index, follow, max-snippet:-1, max-image-preview:large, max-video-preview:-1\" \/>\n<link rel=\"canonical\" href=\"https:\/\/planetaries.cat\/fr\/planetaries\/\" \/>\n<meta property=\"og:locale\" content=\"fr_FR\" \/>\n<meta property=\"og:type\" content=\"article\" \/>\n<meta property=\"og:title\" content=\"Planet\u00e0ries - Produccions Planet\u00e0ries\" \/>\n<meta property=\"og:description\" content=\"Especialistes en disseny web i videos corporatius a Granollers La teva empresa est\u00e0 buscant un partner de comunicaci\u00f3 i marketing? A Produccions\u00a0Planet\u00e0ries som especialistes en disseny web, programaci\u00f3 web, videos corporatius i videos institucionals, tamb\u00e9 som experts en streamings en directe per a esdeveniments online, Hibrids\u00a0i presencials. Tot i els 25 anys d&#8217;experi\u00e8ncia, som una [&hellip;]\" \/>\n<meta property=\"og:url\" content=\"https:\/\/planetaries.cat\/fr\/planetaries\/\" \/>\n<meta property=\"og:site_name\" content=\"Produccions Planet\u00e0ries\" \/>\n<meta property=\"article:modified_time\" content=\"2023-05-10T10:08:20+00:00\" \/>\n<meta name=\"twitter:card\" content=\"summary_large_image\" \/>\n<meta name=\"twitter:label1\" content=\"Dur\u00e9e de lecture estim\u00e9e\" \/>\n\t<meta name=\"twitter:data1\" content=\"2 minutes\" \/>\n<script type=\"application\/ld+json\" class=\"yoast-schema-graph\">{\"@context\":\"https:\\\/\\\/schema.org\",\"@graph\":[{\"@type\":\"WebPage\",\"@id\":\"https:\\\/\\\/planetaries.cat\\\/planetaries\\\/\",\"url\":\"https:\\\/\\\/planetaries.cat\\\/planetaries\\\/\",\"name\":\"Planet\u00e0ries - Produccions Planet\u00e0ries\",\"isPartOf\":{\"@id\":\"https:\\\/\\\/planetaries.cat\\\/#website\"},\"datePublished\":\"2021-08-30T06:56:54+00:00\",\"dateModified\":\"2023-05-10T10:08:20+00:00\",\"breadcrumb\":{\"@id\":\"https:\\\/\\\/planetaries.cat\\\/planetaries\\\/#breadcrumb\"},\"inLanguage\":\"fr-FR\",\"potentialAction\":[{\"@type\":\"ReadAction\",\"target\":[\"https:\\\/\\\/planetaries.cat\\\/planetaries\\\/\"]}]},{\"@type\":\"BreadcrumbList\",\"@id\":\"https:\\\/\\\/planetaries.cat\\\/planetaries\\\/#breadcrumb\",\"itemListElement\":[{\"@type\":\"ListItem\",\"position\":1,\"name\":\"Inici\",\"item\":\"https:\\\/\\\/planetaries.cat\\\/\"},{\"@type\":\"ListItem\",\"position\":2,\"name\":\"Planet\u00e0ries\"}]},{\"@type\":\"WebSite\",\"@id\":\"https:\\\/\\\/planetaries.cat\\\/#website\",\"url\":\"https:\\\/\\\/planetaries.cat\\\/\",\"name\":\"Produccions Planet\u00e0ries\",\"description\":\"Comunicaci\u00f3 Audiovisual\",\"publisher\":{\"@id\":\"https:\\\/\\\/planetaries.cat\\\/#organization\"},\"potentialAction\":[{\"@type\":\"SearchAction\",\"target\":{\"@type\":\"EntryPoint\",\"urlTemplate\":\"https:\\\/\\\/planetaries.cat\\\/?s={search_term_string}\"},\"query-input\":{\"@type\":\"PropertyValueSpecification\",\"valueRequired\":true,\"valueName\":\"search_term_string\"}}],\"inLanguage\":\"fr-FR\"},{\"@type\":\"Organization\",\"@id\":\"https:\\\/\\\/planetaries.cat\\\/#organization\",\"name\":\"Produccions Planet\u00e0ries\",\"url\":\"https:\\\/\\\/planetaries.cat\\\/\",\"logo\":{\"@type\":\"ImageObject\",\"inLanguage\":\"fr-FR\",\"@id\":\"https:\\\/\\\/planetaries.cat\\\/#\\\/schema\\\/logo\\\/image\\\/\",\"url\":\"http:\\\/\\\/planetaries.cat\\\/wp-content\\\/uploads\\\/2023\\\/01\\\/logo.gif\",\"contentUrl\":\"http:\\\/\\\/planetaries.cat\\\/wp-content\\\/uploads\\\/2023\\\/01\\\/logo.gif\",\"width\":550,\"height\":168,\"caption\":\"Produccions Planet\u00e0ries\"},\"image\":{\"@id\":\"https:\\\/\\\/planetaries.cat\\\/#\\\/schema\\\/logo\\\/image\\\/\"}}]}<\/script>\n<!-- \/ Yoast SEO plugin. -->","yoast_head_json":{"title":"Planet\u00e0ries - Produccions Planet\u00e0ries","robots":{"index":"index","follow":"follow","max-snippet":"max-snippet:-1","max-image-preview":"max-image-preview:large","max-video-preview":"max-video-preview:-1"},"canonical":"https:\/\/planetaries.cat\/fr\/planetaries\/","og_locale":"fr_FR","og_type":"article","og_title":"Planet\u00e0ries - Produccions Planet\u00e0ries","og_description":"Especialistes en disseny web i videos corporatius a Granollers La teva empresa est\u00e0 buscant un partner de comunicaci\u00f3 i marketing? A Produccions\u00a0Planet\u00e0ries som especialistes en disseny web, programaci\u00f3 web, videos corporatius i videos institucionals, tamb\u00e9 som experts en streamings en directe per a esdeveniments online, Hibrids\u00a0i presencials. Tot i els 25 anys d&#8217;experi\u00e8ncia, som una [&hellip;]","og_url":"https:\/\/planetaries.cat\/fr\/planetaries\/","og_site_name":"Produccions Planet\u00e0ries","article_modified_time":"2023-05-10T10:08:20+00:00","twitter_card":"summary_large_image","twitter_misc":{"Dur\u00e9e de lecture estim\u00e9e":"2 minutes"},"schema":{"@context":"https:\/\/schema.org","@graph":[{"@type":"WebPage","@id":"https:\/\/planetaries.cat\/planetaries\/","url":"https:\/\/planetaries.cat\/planetaries\/","name":"Planet\u00e0ries - Produccions Planet\u00e0ries","isPartOf":{"@id":"https:\/\/planetaries.cat\/#website"},"datePublished":"2021-08-30T06:56:54+00:00","dateModified":"2023-05-10T10:08:20+00:00","breadcrumb":{"@id":"https:\/\/planetaries.cat\/planetaries\/#breadcrumb"},"inLanguage":"fr-FR","potentialAction":[{"@type":"ReadAction","target":["https:\/\/planetaries.cat\/planetaries\/"]}]},{"@type":"BreadcrumbList","@id":"https:\/\/planetaries.cat\/planetaries\/#breadcrumb","itemListElement":[{"@type":"ListItem","position":1,"name":"Inici","item":"https:\/\/planetaries.cat\/"},{"@type":"ListItem","position":2,"name":"Planet\u00e0ries"}]},{"@type":"WebSite","@id":"https:\/\/planetaries.cat\/#website","url":"https:\/\/planetaries.cat\/","name":"Planetary Productions","description":"Communication audiovisuelle","publisher":{"@id":"https:\/\/planetaries.cat\/#organization"},"potentialAction":[{"@type":"SearchAction","target":{"@type":"EntryPoint","urlTemplate":"https:\/\/planetaries.cat\/?s={search_term_string}"},"query-input":{"@type":"PropertyValueSpecification","valueRequired":true,"valueName":"search_term_string"}}],"inLanguage":"fr-FR"},{"@type":"Organization","@id":"https:\/\/planetaries.cat\/#organization","name":"Planetary Productions","url":"https:\/\/planetaries.cat\/","logo":{"@type":"ImageObject","inLanguage":"fr-FR","@id":"https:\/\/planetaries.cat\/#\/schema\/logo\/image\/","url":"http:\/\/planetaries.cat\/wp-content\/uploads\/2023\/01\/logo.gif","contentUrl":"http:\/\/planetaries.cat\/wp-content\/uploads\/2023\/01\/logo.gif","width":550,"height":168,"caption":"Produccions Planet\u00e0ries"},"image":{"@id":"https:\/\/planetaries.cat\/#\/schema\/logo\/image\/"}}]}},"_links":{"self":[{"href":"https:\/\/planetaries.cat\/fr\/wp-json\/wp\/v2\/pages\/11","targetHints":{"allow":["GET"]}}],"collection":[{"href":"https:\/\/planetaries.cat\/fr\/wp-json\/wp\/v2\/pages"}],"about":[{"href":"https:\/\/planetaries.cat\/fr\/wp-json\/wp\/v2\/types\/page"}],"author":[{"embeddable":true,"href":"https:\/\/planetaries.cat\/fr\/wp-json\/wp\/v2\/users\/1"}],"replies":[{"embeddable":true,"href":"https:\/\/planetaries.cat\/fr\/wp-json\/wp\/v2\/comments?post=11"}],"version-history":[{"count":46,"href":"https:\/\/planetaries.cat\/fr\/wp-json\/wp\/v2\/pages\/11\/revisions"}],"predecessor-version":[{"id":3432,"href":"https:\/\/planetaries.cat\/fr\/wp-json\/wp\/v2\/pages\/11\/revisions\/3432"}],"wp:attachment":[{"href":"https:\/\/planetaries.cat\/fr\/wp-json\/wp\/v2\/media?parent=11"}],"curies":[{"name":"wp","href":"https:\/\/api.w.org\/{rel}","templated":true}]}}