{"id":163,"date":"2021-09-21T06:34:58","date_gmt":"2021-09-21T06:34:58","guid":{"rendered":"http:\/\/planetaries.cat\/nova\/base\/?page_id=163"},"modified":"2024-09-13T11:09:06","modified_gmt":"2024-09-13T11:09:06","slug":"mentions-legales","status":"publish","type":"page","link":"https:\/\/planetaries.cat\/fr\/avis-legal\/","title":{"rendered":"Mentions l\u00e9gales"},"content":{"rendered":"<p>Les pr\u00e9sentes mentions l\u00e9gales r\u00e9gissent l&#x27;acc\u00e8s de l&#x27;utilisateur au contenu fourni par PRODUCCIONS PLANET\u00c0RIES SOLUCIONS AUDIOVISUALS, S.L. (ci-apr\u00e8s \u00ab PRODUCCIONS PLANET\u00c0RIES \u00bb). La simple utilisation des informations contenues sur ce site Web implique l&#x27;acceptation int\u00e9grale des mentions l\u00e9gales ; nous vous recommandons donc de les consulter r\u00e9guli\u00e8rement, car elles sont constamment mises \u00e0 jour.<\/p>\n<p><strong>Informations g\u00e9n\u00e9rales :<\/strong><\/p>\n<p>Conform\u00e9ment aux dispositions de l&#x27;article 10 de la loi 34\/2002 du 11 juillet relative aux services de la soci\u00e9t\u00e9 de l&#x27;information et au commerce \u00e9lectronique (ci-apr\u00e8s d\u00e9nomm\u00e9e \u00ab LSSICE \u00bb), nous vous informons que le titulaire du domaineest PRODUCCIONS PLANET\u00c0RIES SOLUCIONS AUDIOVISUALS, S.L. (CIF B61642104), dont le si\u00e8ge social est situ\u00e9 Avda.\/ Prat de la Riba n\u00b0 77, Centre audiovisuel Roca Umbert, 08401 Granollers, Barcelone..<\/p>\n<p>Contact : rgpd@propla.net<\/p>\n<p><strong>Propri\u00e9t\u00e9 intellectuelle et industrielle :<\/strong><\/p>\n<p>Le contenu du site, y compris les textes, les images, la conception graphique, le code source, les logos, les marques commerciales, etc., est la propri\u00e9t\u00e9 exclusive de PRODUCCIONS PLANET\u00c0RIES et est prot\u00e9g\u00e9 par la l\u00e9gislation en mati\u00e8re de propri\u00e9t\u00e9 intellectuelle et industrielle ; par cons\u00e9quent, toute reproduction, modification, distribution ou alt\u00e9ration de ce contenu est interdite..<\/p>\n<p>PLANETARY PRODUCTIONS est le propri\u00e9taire exclusif de tous les droits de propri\u00e9t\u00e9 intellectuelle, industrielle et assimil\u00e9s relatifs au Site. En outre, tous les droits sur les contenus, services ou \u00e9l\u00e9ments appartenant \u00e0 PRODUCCIONS PLANET\u00c0RIES et int\u00e9gr\u00e9s au site web sont r\u00e9serv\u00e9s, y compris, \u00e0 titre d&#x27;exemple et sans que cette liste soit limitative, les \u00e9l\u00e9ments qui constituent l&#x27;apparence visuelle, l&#x27;image graphique et les autres stimuli sensoriels des pages web composant le site web ; entre autres, l&#x27;architecture de navigation ; les codes sources ; les images, enregistrements, programmes informatiques, bases de donn\u00e9es, technologies, logos et signes distinctifs..<\/p>\n<p>Vous vous engagez \u00e0 ne pas supprimer, effacer, alt\u00e9rer, manipuler ou modifier de quelque mani\u00e8re que ce soit les mentions, l\u00e9gendes, indications ou symboles que PRODUCCIONS PLANET\u00c0RIES ou les titulaires l\u00e9gitimes des droits int\u00e8grent dans leur propri\u00e9t\u00e9 intellectuelle ou industrielle (tels que, par exemple, copyright, \u00a9, \u00ae et \u2122, etc.), les dispositifs techniques de protection ou d&#x27;identification pouvant \u00eatre contenus dans le contenu (tels que les filigranes, les empreintes num\u00e9riques, etc.) et\/ou l&#x27;acc\u00e8s, la consultation et, le cas \u00e9ch\u00e9ant, le t\u00e9l\u00e9chargement du contenu et\/ou des services doivent toujours et en tous cas \u00eatre r\u00e9serv\u00e9s \u00e0 des fins strictement personnelles et non commerciales.<\/p>\n<p>PRODUCCIONS PLANET\u00c0RIES se r\u00e9serve tous les droits de propri\u00e9t\u00e9 intellectuelle et industrielle sur les \u00e9l\u00e9ments de son site web et ne vous accorde aucune licence ni autorisation d&#x27;utiliser ses biens autres que celles express\u00e9ment mentionn\u00e9es dans la pr\u00e9sente clause..<\/p>\n<p><strong>R\u00c9SERVE DE DROITS :<\/strong><\/p>\n<p>PRODUCCIONS PLANET\u00c0RIES se r\u00e9serve le droit de mettre \u00e0 jour, de modifier ou de supprimer \u00e0 tout moment et sans pr\u00e9avis les informations contenues sur le site, ainsi que sa configuration, ses fonctionnalit\u00e9s ou ses conditions g\u00e9n\u00e9rales..<\/p>\n<p>PRODUCCIONS PLANET\u00c0RIES ne garantit pas l&#x27;absence d&#x27;interruptions ou d&#x27;erreurs lors de l&#x27;acc\u00e8s et\/ou de l&#x27;utilisation du site, et d\u00e9cline toute responsabilit\u00e9 en cas de probl\u00e8mes techniques ou de d\u00e9faillances survenant lors de la connexion \u00e0 Internet. Elle ne garantit pas non plus l&#x27;absence de virus ou d&#x27;autres \u00e9l\u00e9ments susceptibles d&#x27;alt\u00e9rer votre syst\u00e8me informatique (logiciels et mat\u00e9riel) ou les documents et fichiers \u00e9lectroniques stock\u00e9s sur votre syst\u00e8me informatique, et exclut par cons\u00e9quent toute responsabilit\u00e9 pour les dommages et pr\u00e9judices pouvant \u00eatre caus\u00e9s aux syst\u00e8mes informatiques, documents ou fichiers \u00e9lectroniques des utilisateurs..<\/p>\n<p><strong>Limitation de responsabilit\u00e9.<\/strong><\/p>\n<p>\u00c0 propos des informations : PRODUCCIONS PLANET\u00c0RIES d\u00e9cline toute responsabilit\u00e9 quant \u00e0 la v\u00e9racit\u00e9, l&#x27;exactitude, la pertinence, l&#x27;ad\u00e9quation \u00e0 l&#x27;usage pr\u00e9vu et l&#x27;actualit\u00e9 des informations fournies sur le site web. Le contenu est fourni \u00e0 titre purement informatif ; par cons\u00e9quent, PLANETARY PRODUCTIONS d\u00e9cline toute responsabilit\u00e9 quant aux d\u00e9cisions que vous pourriez prendre sur la base de ces informations, ainsi qu&#x27;en cas de dommages ou de pertes subis par vous-m\u00eame ou par des tiers \u00e0 la suite de l&#x27;utilisation des informations obtenues sur ce site web..<\/p>\n<p>En ce qui concerne la qualit\u00e9 du service : vous reconnaissez avoir connaissance de l&#x27;existence, sur le r\u00e9seau, de virus, de vers et d&#x27;autres \u00e9l\u00e9ments malveillants. Il vous incombe de disposer des outils appropri\u00e9s pour la d\u00e9tection et la d\u00e9sinfection de ces programmes informatiques nuisibles, et PRODUCCIONS PLANET\u00c0RIES ne saurait \u00eatre tenue responsable des dommages caus\u00e9s \u00e0 votre mat\u00e9riel informatique ou \u00e0 celui de tiers lors de votre acc\u00e8s au site..<\/p>\n<p>Disponibilit\u00e9 du service : L&#x27;acc\u00e8s au servicen\u00e9cessite le recours \u00e0 des services et \u00e0 des fournitures provenant d&#x27;autres prestataires de services de la soci\u00e9t\u00e9 de l&#x27;information, dont la fiabilit\u00e9, la qualit\u00e9, la continuit\u00e9 et le fonctionnement \u00e9chappent au contr\u00f4le de PRODUCCIONS PLANET\u00c0RIES. Par cons\u00e9quent, les services fournis peuvent \u00eatre suspendus, annul\u00e9s ou devenir inaccessibles \u00e0 tout moment. PLANETARY PRODUCTIONS d\u00e9cline toute responsabilit\u00e9 pour tout dommage ou perte de quelque nature que ce soit r\u00e9sultant de d\u00e9faillances ou de coupures des r\u00e9seaux de t\u00e9l\u00e9communications qui entra\u00eenent la suspension, l&#x27;annulation ou l&#x27;interruption du service du Portail pendant ou avant sa fourniture..<\/p>\n<p>Concernant les contenus accessibles sur ou via le portail : ce site web permet d&#x27;acc\u00e9der \u00e0 des liens et \u00e0 d&#x27;autres sites web (ci-apr\u00e8s d\u00e9nomm\u00e9s \u201c sites li\u00e9s \u201d). Dans ce cas, PRODUCCIONS PLANET\u00c0RIES agit en tant que prestataire de services interm\u00e9diaire conform\u00e9ment aux dispositions de la LSSICE, et ne sera donc responsable des contenus et services fournis sur les sites li\u00e9s que dans la mesure o\u00f9 elle a effectivement connaissance de leur ill\u00e9galit\u00e9 et n&#x27;a pas agi avec la diligence requise pour supprimer ces contenus. Si vous estimez qu&#x27;un des sites li\u00e9s contient des contenus illicites ou inappropri\u00e9s, vous pouvez en informer PRODUCCIONS PLANET\u00c0RIES, qui agira avec toute la diligence requise pour supprimer les liens, le cas \u00e9ch\u00e9ant. PRODUCCIONS PLANET\u00c0RIES n&#x27;est pas non plus responsable des contenus et services propos\u00e9s sur les sites li\u00e9s, et d\u00e9cline par cons\u00e9quent toute responsabilit\u00e9 pour tout dommage caus\u00e9 par leur ill\u00e9galit\u00e9, leur qualit\u00e9, leur obsolescence, leur indisponibilit\u00e9, leur erreur ou leur inutilit\u00e9.<\/p>\n<p><strong>Licence des liens :<\/strong><\/p>\n<p>Tout lien vers ce sitedoit renvoyer vers sa page d&#x27;accueil ou sa page principale. Vous, ainsi que toute personne souhaitant cr\u00e9er un lien, devez respecter les conditions d\u00e9taill\u00e9es ci-dessous. Toute autre intention de cr\u00e9er un lien non pr\u00e9vue dans la pr\u00e9sente clause n\u00e9cessitera l&#x27;accord \u00e9crit pr\u00e9alable de PRODUCCIONS PLANET\u00c0RIES..<\/p>\n<p>Vous n&#x27;\u00eates pas autoris\u00e9 \u00e0 reproduire ou \u00e0 imiter, en tout ou en partie, le contenu du site, ni sa pr\u00e9sentation graphique (\u201c look and feel \u201d), ni \u00e0 utiliser des cadres ou des liens int\u00e9gr\u00e9s vers les pages de PRODUCCIONS PLANET\u00c0RIES. Vous n&#x27;\u00eates pas autoris\u00e9 \u00e0 cr\u00e9er un navigateur, un cadre ou un environnement de navigation, ni une barre de navigation, par-dessus le site Web..<\/p>\n<p>Aucune d\u00e9claration ou indication fausse, inexacte, erron\u00e9e ou diffamatoire ne doit \u00eatre faite au sujet du site webou de l&#x27;une quelconque des propri\u00e9t\u00e9s de PRODUCCIONS PLANET\u00c0RIES et, en particulier, il ne doit pas \u00eatre d\u00e9clar\u00e9 ou sous-entendu que PLANETARY PRODUCTIONS est un partenaire collaborateur ou qu\u2019elle a, de quelque mani\u00e8re que ce soit, supervis\u00e9 ou assum\u00e9 la responsabilit\u00e9 du contenu ou des services propos\u00e9s ou mis \u00e0 disposition sur le site web vers lequel le lien est fourni..<\/p>\n<p>Le site web sur lequel le lien est \u00e9tabli ne doit contenir aucune marque, d\u00e9nomination commerciale, enseigne, raison sociale, logo, slogan ou autre signe distinctif appartenant \u00e0 PRODUCCIONS PLANET\u00c0RIES, \u00e0 l&#x27;exception des signes faisant partie int\u00e9grante du lien lui-m\u00eame ou d&#x27;autres \u00e9l\u00e9ments pour lesquels PRODUCCIONS PLANET\u00c0RIES a pr\u00e9alablement accord\u00e9 une autorisation \u00e9crite. En outre, le site web sur lequel le lien est \u00e9tabli ne doit contenir aucune information ou contenu illicite, ni aucun \u00e9l\u00e9ment contraire \u00e0 la morale, aux bonnes m\u0153urs g\u00e9n\u00e9ralement admises et \u00e0 l&#x27;ordre public.<\/p>\n<p>PRODUCCIONS PLANET\u00c0RIES se r\u00e9serve le droit d&#x27;engager les poursuites judiciaires qui s&#x27;imposent \u00e0 l&#x27;encontre de toute personne qui enfreindrait les interdictions \u00e9nonc\u00e9es dans les pr\u00e9sentes mentions l\u00e9gales.<\/p>\n<p><strong>INTERDICTIONS :<\/strong><\/p>\n<p>Il est formellement interdit :<\/p>\n<p>L&#x27;utilisation de tout contenu ou service \u00e0 des fins ill\u00e9gales ou produisant des effets illicites, interdite par les pr\u00e9sentes mentions l\u00e9gales, qui porte atteinte aux droits et int\u00e9r\u00eats de tiers, ou qui, de quelque mani\u00e8re que ce soit, est susceptible d&#x27;endommager, de d\u00e9sactiver, de surcharger, d&#x27;alt\u00e9rer ou d&#x27;entraver l&#x27;utilisation normale des services, des \u00e9quipements informatiques ou des documents, fichiers et contenus de toute nature stock\u00e9s sur tout \u00e9quipement informatique de PRODUCCIONS PLANET\u00c0RIES.<br \/>\nUtiliser des contenus et des services prot\u00e9g\u00e9s par des droits de propri\u00e9t\u00e9 intellectuelle ou industrielle appartenant \u00e0 l&#x27;entit\u00e9 ou \u00e0 des tiers, sans avoir pr\u00e9alablement obtenu l&#x27;autorisation n\u00e9cessaire de la part des titulaires de ces droits pour l&#x27;usage que vous en faites ou que vous comptez en faire.<br \/>\nIl est interdit de reproduire, copier, distribuer, communiquer, transformer ou modifier le contenu, sauf autorisation du titulaire des droits correspondants ou si la loi l&#x27;autorise.<br \/>\nIntroduire des virus ou tout autre \u00e9l\u00e9ment physique ou \u00e9lectronique susceptible d&#x27;endommager ou d&#x27;entraver le fonctionnement normal du r\u00e9seau, du syst\u00e8me ou du mat\u00e9riel informatique (mat\u00e9riel et logiciels) de PLANETARY PRODUCTIONS ou de tiers, ou susceptible d&#x27;endommager les documents et fichiers \u00e9lectroniques stock\u00e9s sur ce mat\u00e9riel informatique.<br \/>\nL&#x27;obtention, ou m\u00eame la simple tentative d&#x27;obtention, du contenu par des moyens ou des proc\u00e9dures autres que ceux qui, selon le cas, ont \u00e9t\u00e9 mis \u00e0 la disposition du public \u00e0 cette fin, ou ceux habituellement utilis\u00e9s sur Internet \u00e0 cette fin, \u00e0 condition qu&#x27;ils n&#x27;entra\u00eenent pas de risque de d\u00e9t\u00e9rioration ou de mise hors service du site web, des services et\/ou du contenu.<\/p>\n<p><strong>L\u00e9gislation :<\/strong><\/p>\n<p>Les pr\u00e9sentes mentions l\u00e9gales sont r\u00e9gies dans tous leurs aspects par le droit espagnol.<\/p>\n<p>Tout litige relatif au pr\u00e9sent site web sera r\u00e9gi par le droit espagnol, et les cours et tribunaux de Barcelone (Espagne) seront comp\u00e9tents.<\/p>","protected":false},"excerpt":{"rendered":"<p>El presente Aviso Legal regula el acceso por parte del USUARIO del Sitio Web a los contenidos proporcionados por PRODUCCIONS PLANET\u00c0RIES SOLUCIONS AUDIOVISUALS, S.L. (en adelante PRODUCCIONS PLANET\u00c0RIES). La simple utilizaci\u00f3n de la informaci\u00f3n contenida en este Sitio Web implica la total aceptaci\u00f3n del Aviso Legal, por lo que aconsejamos que acceda peri\u00f3dicamente, debido a [&hellip;]<\/p>\n","protected":false},"author":1,"featured_media":0,"parent":0,"menu_order":6,"comment_status":"closed","ping_status":"closed","template":"","meta":{"_acf_changed":false,"footnotes":""},"class_list":["post-163","page","type-page","status-publish","hentry"],"acf":[],"yoast_head":"<!-- This site is optimized with the Yoast SEO plugin v27.3 - https:\/\/yoast.com\/product\/yoast-seo-wordpress\/ -->\n<title>Av\u00eds legal - Produccions Planet\u00e0ries<\/title>\n<meta name=\"robots\" content=\"index, follow, max-snippet:-1, max-image-preview:large, max-video-preview:-1\" \/>\n<link rel=\"canonical\" href=\"https:\/\/planetaries.cat\/fr\/mentions-legales\/\" \/>\n<meta property=\"og:locale\" content=\"fr_FR\" \/>\n<meta property=\"og:type\" content=\"article\" \/>\n<meta property=\"og:title\" content=\"Av\u00eds legal - Produccions Planet\u00e0ries\" \/>\n<meta property=\"og:description\" content=\"El presente Aviso Legal regula el acceso por parte del USUARIO del Sitio Web a los contenidos proporcionados por PRODUCCIONS PLANET\u00c0RIES SOLUCIONS AUDIOVISUALS, S.L. (en adelante PRODUCCIONS PLANET\u00c0RIES). La simple utilizaci\u00f3n de la informaci\u00f3n contenida en este Sitio Web implica la total aceptaci\u00f3n del Aviso Legal, por lo que aconsejamos que acceda peri\u00f3dicamente, debido a [&hellip;]\" \/>\n<meta property=\"og:url\" content=\"https:\/\/planetaries.cat\/fr\/mentions-legales\/\" \/>\n<meta property=\"og:site_name\" content=\"Produccions Planet\u00e0ries\" \/>\n<meta property=\"article:modified_time\" content=\"2024-09-13T11:09:06+00:00\" \/>\n<meta name=\"twitter:card\" content=\"summary_large_image\" \/>\n<meta name=\"twitter:label1\" content=\"Dur\u00e9e de lecture estim\u00e9e\" \/>\n\t<meta name=\"twitter:data1\" content=\"9 minutes\" \/>\n<script type=\"application\/ld+json\" class=\"yoast-schema-graph\">{\"@context\":\"https:\\\/\\\/schema.org\",\"@graph\":[{\"@type\":\"WebPage\",\"@id\":\"https:\\\/\\\/planetaries.cat\\\/avis-legal\\\/\",\"url\":\"https:\\\/\\\/planetaries.cat\\\/avis-legal\\\/\",\"name\":\"Av\u00eds legal - Produccions Planet\u00e0ries\",\"isPartOf\":{\"@id\":\"https:\\\/\\\/planetaries.cat\\\/#website\"},\"datePublished\":\"2021-09-21T06:34:58+00:00\",\"dateModified\":\"2024-09-13T11:09:06+00:00\",\"breadcrumb\":{\"@id\":\"https:\\\/\\\/planetaries.cat\\\/avis-legal\\\/#breadcrumb\"},\"inLanguage\":\"fr-FR\",\"potentialAction\":[{\"@type\":\"ReadAction\",\"target\":[\"https:\\\/\\\/planetaries.cat\\\/avis-legal\\\/\"]}]},{\"@type\":\"BreadcrumbList\",\"@id\":\"https:\\\/\\\/planetaries.cat\\\/avis-legal\\\/#breadcrumb\",\"itemListElement\":[{\"@type\":\"ListItem\",\"position\":1,\"name\":\"Inici\",\"item\":\"https:\\\/\\\/planetaries.cat\\\/\"},{\"@type\":\"ListItem\",\"position\":2,\"name\":\"Av\u00eds legal\"}]},{\"@type\":\"WebSite\",\"@id\":\"https:\\\/\\\/planetaries.cat\\\/#website\",\"url\":\"https:\\\/\\\/planetaries.cat\\\/\",\"name\":\"Produccions Planet\u00e0ries\",\"description\":\"Comunicaci\u00f3 Audiovisual\",\"publisher\":{\"@id\":\"https:\\\/\\\/planetaries.cat\\\/#organization\"},\"potentialAction\":[{\"@type\":\"SearchAction\",\"target\":{\"@type\":\"EntryPoint\",\"urlTemplate\":\"https:\\\/\\\/planetaries.cat\\\/?s={search_term_string}\"},\"query-input\":{\"@type\":\"PropertyValueSpecification\",\"valueRequired\":true,\"valueName\":\"search_term_string\"}}],\"inLanguage\":\"fr-FR\"},{\"@type\":\"Organization\",\"@id\":\"https:\\\/\\\/planetaries.cat\\\/#organization\",\"name\":\"Produccions Planet\u00e0ries\",\"url\":\"https:\\\/\\\/planetaries.cat\\\/\",\"logo\":{\"@type\":\"ImageObject\",\"inLanguage\":\"fr-FR\",\"@id\":\"https:\\\/\\\/planetaries.cat\\\/#\\\/schema\\\/logo\\\/image\\\/\",\"url\":\"http:\\\/\\\/planetaries.cat\\\/wp-content\\\/uploads\\\/2023\\\/01\\\/logo.gif\",\"contentUrl\":\"http:\\\/\\\/planetaries.cat\\\/wp-content\\\/uploads\\\/2023\\\/01\\\/logo.gif\",\"width\":550,\"height\":168,\"caption\":\"Produccions Planet\u00e0ries\"},\"image\":{\"@id\":\"https:\\\/\\\/planetaries.cat\\\/#\\\/schema\\\/logo\\\/image\\\/\"}}]}<\/script>\n<!-- \/ Yoast SEO plugin. -->","yoast_head_json":{"title":"Mentions l\u00e9gales - Planetary Productions","robots":{"index":"index","follow":"follow","max-snippet":"max-snippet:-1","max-image-preview":"max-image-preview:large","max-video-preview":"max-video-preview:-1"},"canonical":"https:\/\/planetaries.cat\/fr\/mentions-legales\/","og_locale":"fr_FR","og_type":"article","og_title":"Av\u00eds legal - Produccions Planet\u00e0ries","og_description":"El presente Aviso Legal regula el acceso por parte del USUARIO del Sitio Web a los contenidos proporcionados por PRODUCCIONS PLANET\u00c0RIES SOLUCIONS AUDIOVISUALS, S.L. (en adelante PRODUCCIONS PLANET\u00c0RIES). La simple utilizaci\u00f3n de la informaci\u00f3n contenida en este Sitio Web implica la total aceptaci\u00f3n del Aviso Legal, por lo que aconsejamos que acceda peri\u00f3dicamente, debido a [&hellip;]","og_url":"https:\/\/planetaries.cat\/fr\/mentions-legales\/","og_site_name":"Produccions Planet\u00e0ries","article_modified_time":"2024-09-13T11:09:06+00:00","twitter_card":"summary_large_image","twitter_misc":{"Dur\u00e9e de lecture estim\u00e9e":"9 minutes"},"schema":{"@context":"https:\/\/schema.org","@graph":[{"@type":"WebPage","@id":"https:\/\/planetaries.cat\/avis-legal\/","url":"https:\/\/planetaries.cat\/avis-legal\/","name":"Mentions l\u00e9gales - Planetary Productions","isPartOf":{"@id":"https:\/\/planetaries.cat\/#website"},"datePublished":"2021-09-21T06:34:58+00:00","dateModified":"2024-09-13T11:09:06+00:00","breadcrumb":{"@id":"https:\/\/planetaries.cat\/avis-legal\/#breadcrumb"},"inLanguage":"fr-FR","potentialAction":[{"@type":"ReadAction","target":["https:\/\/planetaries.cat\/avis-legal\/"]}]},{"@type":"BreadcrumbList","@id":"https:\/\/planetaries.cat\/avis-legal\/#breadcrumb","itemListElement":[{"@type":"ListItem","position":1,"name":"Inici","item":"https:\/\/planetaries.cat\/"},{"@type":"ListItem","position":2,"name":"Av\u00eds legal"}]},{"@type":"WebSite","@id":"https:\/\/planetaries.cat\/#website","url":"https:\/\/planetaries.cat\/","name":"Planetary Productions","description":"Communication audiovisuelle","publisher":{"@id":"https:\/\/planetaries.cat\/#organization"},"potentialAction":[{"@type":"SearchAction","target":{"@type":"EntryPoint","urlTemplate":"https:\/\/planetaries.cat\/?s={search_term_string}"},"query-input":{"@type":"PropertyValueSpecification","valueRequired":true,"valueName":"search_term_string"}}],"inLanguage":"fr-FR"},{"@type":"Organization","@id":"https:\/\/planetaries.cat\/#organization","name":"Planetary Productions","url":"https:\/\/planetaries.cat\/","logo":{"@type":"ImageObject","inLanguage":"fr-FR","@id":"https:\/\/planetaries.cat\/#\/schema\/logo\/image\/","url":"http:\/\/planetaries.cat\/wp-content\/uploads\/2023\/01\/logo.gif","contentUrl":"http:\/\/planetaries.cat\/wp-content\/uploads\/2023\/01\/logo.gif","width":550,"height":168,"caption":"Produccions Planet\u00e0ries"},"image":{"@id":"https:\/\/planetaries.cat\/#\/schema\/logo\/image\/"}}]}},"_links":{"self":[{"href":"https:\/\/planetaries.cat\/fr\/wp-json\/wp\/v2\/pages\/163","targetHints":{"allow":["GET"]}}],"collection":[{"href":"https:\/\/planetaries.cat\/fr\/wp-json\/wp\/v2\/pages"}],"about":[{"href":"https:\/\/planetaries.cat\/fr\/wp-json\/wp\/v2\/types\/page"}],"author":[{"embeddable":true,"href":"https:\/\/planetaries.cat\/fr\/wp-json\/wp\/v2\/users\/1"}],"replies":[{"embeddable":true,"href":"https:\/\/planetaries.cat\/fr\/wp-json\/wp\/v2\/comments?post=163"}],"version-history":[{"count":13,"href":"https:\/\/planetaries.cat\/fr\/wp-json\/wp\/v2\/pages\/163\/revisions"}],"predecessor-version":[{"id":3920,"href":"https:\/\/planetaries.cat\/fr\/wp-json\/wp\/v2\/pages\/163\/revisions\/3920"}],"wp:attachment":[{"href":"https:\/\/planetaries.cat\/fr\/wp-json\/wp\/v2\/media?parent=163"}],"curies":[{"name":"wp","href":"https:\/\/api.w.org\/{rel}","templated":true}]}}