{"id":289,"date":"2022-02-21T11:19:28","date_gmt":"2022-02-21T11:19:28","guid":{"rendered":"http:\/\/planetaries.cat\/nova\/?page_id=289"},"modified":"2026-04-30T10:58:44","modified_gmt":"2026-04-30T10:58:44","slug":"disseny-web","status":"publish","type":"page","link":"https:\/\/planetaries.cat\/fr\/","title":{"rendered":"Comunicaci\u00f3 audiovisual"},"content":{"rendered":"<p>El nostre equip de treball s\u2019encarrega de tot el que us pugui fer falta per qualsevol mena de\u00a0producci\u00f3 audiovisual,\u00a0<strong>v\u00eddeos corporatius<\/strong>,\u00a0disseny de\u00a0<strong>p\u00e0gines web<\/strong>, creaci\u00f3 o\u00a0<em>restyling<\/em>\u00a0d\u2019<strong>imatge corporativa<\/strong>,\u00a0<strong>fotografia<\/strong>, estereosc\u00f2pia\u00a0<strong>3D<\/strong>\u2026<\/p>","protected":false},"excerpt":{"rendered":"<p>El nostre equip de treball s\u2019encarrega de tot el que us pugui fer falta per qualsevol mena de\u00a0producci\u00f3 audiovisual,\u00a0v\u00eddeos corporatius,\u00a0disseny de\u00a0p\u00e0gines web, creaci\u00f3 o\u00a0restyling\u00a0d\u2019imatge corporativa,\u00a0fotografia, estereosc\u00f2pia\u00a03D\u2026<\/p>","protected":false},"author":1,"featured_media":0,"parent":0,"menu_order":12,"comment_status":"closed","ping_status":"closed","template":"single-projectes.php","meta":{"_acf_changed":false,"footnotes":""},"class_list":["post-289","page","type-page","status-publish","hentry"],"acf":[],"yoast_head":"<!-- This site is optimized with the Yoast SEO plugin v27.3 - https:\/\/yoast.com\/product\/yoast-seo-wordpress\/ -->\n<title>Comunicaci\u00f3 audiovisual - Produccions Planet\u00e0ries<\/title>\n<meta name=\"description\" content=\"El nostre equip de treball s\u2019encarrega de tot el que us pugui fer falta per la producci\u00f3 de qualsevol mena de producci\u00f3 audiovisual, v\u00eddeos corporatius, disseny de p\u00e0gines web, creaci\u00f3 o restyling d\u2019imatge corporativa, fotografia, estereosc\u00f2pia 3D\u2026\" \/>\n<meta name=\"robots\" content=\"index, follow, max-snippet:-1, max-image-preview:large, max-video-preview:-1\" \/>\n<link rel=\"canonical\" href=\"https:\/\/planetaries.cat\/fr\/\" \/>\n<meta property=\"og:locale\" content=\"fr_FR\" \/>\n<meta property=\"og:type\" content=\"article\" \/>\n<meta property=\"og:title\" content=\"Comunicaci\u00f3 audiovisual - Produccions Planet\u00e0ries\" \/>\n<meta property=\"og:description\" content=\"El nostre equip de treball s\u2019encarrega de tot el que us pugui fer falta per la producci\u00f3 de qualsevol mena de producci\u00f3 audiovisual, v\u00eddeos corporatius, disseny de p\u00e0gines web, creaci\u00f3 o restyling d\u2019imatge corporativa, fotografia, estereosc\u00f2pia 3D\u2026\" \/>\n<meta property=\"og:url\" content=\"https:\/\/planetaries.cat\/fr\/\" \/>\n<meta property=\"og:site_name\" content=\"Produccions Planet\u00e0ries\" \/>\n<meta property=\"article:modified_time\" content=\"2026-04-30T10:58:44+00:00\" \/>\n<meta name=\"twitter:card\" content=\"summary_large_image\" \/>\n<meta name=\"twitter:label1\" content=\"Dur\u00e9e de lecture estim\u00e9e\" \/>\n\t<meta name=\"twitter:data1\" content=\"1 minute\" \/>\n<script type=\"application\/ld+json\" class=\"yoast-schema-graph\">{\"@context\":\"https:\\\/\\\/schema.org\",\"@graph\":[{\"@type\":\"WebPage\",\"@id\":\"https:\\\/\\\/planetaries.cat\\\/\",\"url\":\"https:\\\/\\\/planetaries.cat\\\/\",\"name\":\"Comunicaci\u00f3 audiovisual - Produccions Planet\u00e0ries\",\"isPartOf\":{\"@id\":\"https:\\\/\\\/planetaries.cat\\\/#website\"},\"datePublished\":\"2022-02-21T11:19:28+00:00\",\"dateModified\":\"2026-04-30T10:58:44+00:00\",\"description\":\"El nostre equip de treball s\u2019encarrega de tot el que us pugui fer falta per la producci\u00f3 de qualsevol mena de producci\u00f3 audiovisual, v\u00eddeos corporatius, disseny de p\u00e0gines web, creaci\u00f3 o restyling d\u2019imatge corporativa, fotografia, estereosc\u00f2pia 3D\u2026\",\"breadcrumb\":{\"@id\":\"https:\\\/\\\/planetaries.cat\\\/#breadcrumb\"},\"inLanguage\":\"fr-FR\",\"potentialAction\":[{\"@type\":\"ReadAction\",\"target\":[\"https:\\\/\\\/planetaries.cat\\\/\"]}]},{\"@type\":\"BreadcrumbList\",\"@id\":\"https:\\\/\\\/planetaries.cat\\\/#breadcrumb\",\"itemListElement\":[{\"@type\":\"ListItem\",\"position\":1,\"name\":\"Inici\",\"item\":\"https:\\\/\\\/planetaries.cat\\\/\"},{\"@type\":\"ListItem\",\"position\":2,\"name\":\"Comunicaci\u00f3 audiovisual\"}]},{\"@type\":\"WebSite\",\"@id\":\"https:\\\/\\\/planetaries.cat\\\/#website\",\"url\":\"https:\\\/\\\/planetaries.cat\\\/\",\"name\":\"Produccions Planet\u00e0ries\",\"description\":\"Comunicaci\u00f3 Audiovisual\",\"publisher\":{\"@id\":\"https:\\\/\\\/planetaries.cat\\\/#organization\"},\"potentialAction\":[{\"@type\":\"SearchAction\",\"target\":{\"@type\":\"EntryPoint\",\"urlTemplate\":\"https:\\\/\\\/planetaries.cat\\\/?s={search_term_string}\"},\"query-input\":{\"@type\":\"PropertyValueSpecification\",\"valueRequired\":true,\"valueName\":\"search_term_string\"}}],\"inLanguage\":\"fr-FR\"},{\"@type\":\"Organization\",\"@id\":\"https:\\\/\\\/planetaries.cat\\\/#organization\",\"name\":\"Produccions Planet\u00e0ries\",\"url\":\"https:\\\/\\\/planetaries.cat\\\/\",\"logo\":{\"@type\":\"ImageObject\",\"inLanguage\":\"fr-FR\",\"@id\":\"https:\\\/\\\/planetaries.cat\\\/#\\\/schema\\\/logo\\\/image\\\/\",\"url\":\"http:\\\/\\\/planetaries.cat\\\/wp-content\\\/uploads\\\/2023\\\/01\\\/logo.gif\",\"contentUrl\":\"http:\\\/\\\/planetaries.cat\\\/wp-content\\\/uploads\\\/2023\\\/01\\\/logo.gif\",\"width\":550,\"height\":168,\"caption\":\"Produccions Planet\u00e0ries\"},\"image\":{\"@id\":\"https:\\\/\\\/planetaries.cat\\\/#\\\/schema\\\/logo\\\/image\\\/\"}}]}<\/script>\n<!-- \/ Yoast SEO plugin. -->","yoast_head_json":{"title":"Communication audiovisuelle - Planetary Productions","description":"Notre \u00e9quipe s&#x27;occupe de tout ce dont vous pourriez avoir besoin pour la r\u00e9alisation de tout type de projet audiovisuel : vid\u00e9os d&#x27;entreprise, conception de sites web, cr\u00e9ation ou refonte d&#x27;identit\u00e9 visuelle, photographie, 3D st\u00e9r\u00e9oscopique\u2026","robots":{"index":"index","follow":"follow","max-snippet":"max-snippet:-1","max-image-preview":"max-image-preview:large","max-video-preview":"max-video-preview:-1"},"canonical":"https:\/\/planetaries.cat\/fr\/","og_locale":"fr_FR","og_type":"article","og_title":"Comunicaci\u00f3 audiovisual - Produccions Planet\u00e0ries","og_description":"El nostre equip de treball s\u2019encarrega de tot el que us pugui fer falta per la producci\u00f3 de qualsevol mena de producci\u00f3 audiovisual, v\u00eddeos corporatius, disseny de p\u00e0gines web, creaci\u00f3 o restyling d\u2019imatge corporativa, fotografia, estereosc\u00f2pia 3D\u2026","og_url":"https:\/\/planetaries.cat\/fr\/","og_site_name":"Produccions Planet\u00e0ries","article_modified_time":"2026-04-30T10:58:44+00:00","twitter_card":"summary_large_image","twitter_misc":{"Dur\u00e9e de lecture estim\u00e9e":"1 minute"},"schema":{"@context":"https:\/\/schema.org","@graph":[{"@type":"WebPage","@id":"https:\/\/planetaries.cat\/","url":"https:\/\/planetaries.cat\/","name":"Communication audiovisuelle - Planetary Productions","isPartOf":{"@id":"https:\/\/planetaries.cat\/#website"},"datePublished":"2022-02-21T11:19:28+00:00","dateModified":"2026-04-30T10:58:44+00:00","description":"Notre \u00e9quipe s&#x27;occupe de tout ce dont vous pourriez avoir besoin pour la r\u00e9alisation de tout type de projet audiovisuel : vid\u00e9os d&#x27;entreprise, conception de sites web, cr\u00e9ation ou refonte d&#x27;identit\u00e9 visuelle, photographie, 3D st\u00e9r\u00e9oscopique\u2026","breadcrumb":{"@id":"https:\/\/planetaries.cat\/#breadcrumb"},"inLanguage":"fr-FR","potentialAction":[{"@type":"ReadAction","target":["https:\/\/planetaries.cat\/"]}]},{"@type":"BreadcrumbList","@id":"https:\/\/planetaries.cat\/#breadcrumb","itemListElement":[{"@type":"ListItem","position":1,"name":"Inici","item":"https:\/\/planetaries.cat\/"},{"@type":"ListItem","position":2,"name":"Comunicaci\u00f3 audiovisual"}]},{"@type":"WebSite","@id":"https:\/\/planetaries.cat\/#website","url":"https:\/\/planetaries.cat\/","name":"Planetary Productions","description":"Communication audiovisuelle","publisher":{"@id":"https:\/\/planetaries.cat\/#organization"},"potentialAction":[{"@type":"SearchAction","target":{"@type":"EntryPoint","urlTemplate":"https:\/\/planetaries.cat\/?s={search_term_string}"},"query-input":{"@type":"PropertyValueSpecification","valueRequired":true,"valueName":"search_term_string"}}],"inLanguage":"fr-FR"},{"@type":"Organization","@id":"https:\/\/planetaries.cat\/#organization","name":"Planetary Productions","url":"https:\/\/planetaries.cat\/","logo":{"@type":"ImageObject","inLanguage":"fr-FR","@id":"https:\/\/planetaries.cat\/#\/schema\/logo\/image\/","url":"http:\/\/planetaries.cat\/wp-content\/uploads\/2023\/01\/logo.gif","contentUrl":"http:\/\/planetaries.cat\/wp-content\/uploads\/2023\/01\/logo.gif","width":550,"height":168,"caption":"Produccions Planet\u00e0ries"},"image":{"@id":"https:\/\/planetaries.cat\/#\/schema\/logo\/image\/"}}]}},"_links":{"self":[{"href":"https:\/\/planetaries.cat\/fr\/wp-json\/wp\/v2\/pages\/289","targetHints":{"allow":["GET"]}}],"collection":[{"href":"https:\/\/planetaries.cat\/fr\/wp-json\/wp\/v2\/pages"}],"about":[{"href":"https:\/\/planetaries.cat\/fr\/wp-json\/wp\/v2\/types\/page"}],"author":[{"embeddable":true,"href":"https:\/\/planetaries.cat\/fr\/wp-json\/wp\/v2\/users\/1"}],"replies":[{"embeddable":true,"href":"https:\/\/planetaries.cat\/fr\/wp-json\/wp\/v2\/comments?post=289"}],"version-history":[{"count":24,"href":"https:\/\/planetaries.cat\/fr\/wp-json\/wp\/v2\/pages\/289\/revisions"}],"predecessor-version":[{"id":4101,"href":"https:\/\/planetaries.cat\/fr\/wp-json\/wp\/v2\/pages\/289\/revisions\/4101"}],"wp:attachment":[{"href":"https:\/\/planetaries.cat\/fr\/wp-json\/wp\/v2\/media?parent=289"}],"curies":[{"name":"wp","href":"https:\/\/api.w.org\/{rel}","templated":true}]}}