{"id":3739,"date":"2023-09-08T08:46:00","date_gmt":"2023-09-08T08:46:00","guid":{"rendered":"http:\/\/planetaries.cat\/?page_id=3739"},"modified":"2023-09-08T08:46:59","modified_gmt":"2023-09-08T08:46:59","slug":"video-corporatiu","status":"publish","type":"page","link":"https:\/\/planetaries.cat\/fr\/video-corporatiu\/","title":{"rendered":"V\u00eddeo Corporatiu"},"content":{"rendered":"<h2><strong>V\u00eddeos Corporatius i Publicitaris de Qualitat a Granollers<\/strong><\/h2>\n<div class=\"gmail_default\">\n<p>A Produccions Planet\u00e0ries ens apassiona crear continguts audiovisuasl que comuniquin la teva hist\u00f2ria, missatge i valors de manera impactant.<\/p>\n<p><strong>Els nostres serveis de v\u00eddeo inclouen:<\/strong><\/p>\n<ol>\n<li><strong>V\u00eddeo Corporatiu<\/strong>: Si vols presentar la teva empresa de manera professional i efectiva, el nostre servei de v\u00eddeo corporatiu \u00e9s la soluci\u00f3 perfecta. Creem v\u00eddeos que destaquen la teva marca i missi\u00f3.<\/li>\n<li><strong>V\u00eddeos Institucionals<\/strong>: Captura l&#8217;ess\u00e8ncia de la teva instituci\u00f3 o organitzaci\u00f3 amb els nostres v\u00eddeos institucionals. Des de fundacions fins a hospitals i organitzacions sense \u00e0nim de lucre, estem preparats per explicar la teva hist\u00f2ria.<\/li>\n<li><strong>V\u00eddeos Publicitaris<\/strong>: Els v\u00eddeos publicitaris s\u00f3n una eina poderosa per promocionar els teus productes o serveis. Creem anuncis de v\u00eddeo impactants i persuasius que connecten amb la teva audi\u00e8ncia.<\/li>\n<\/ol>\n<p><strong>Per qu\u00e8 triar-nos?<\/strong><\/p>\n<ul>\n<li><strong>Creativitat<\/strong>: Els nostres professionals de v\u00eddeo estan plens de creativitat i talent per transformar les teves idees en realitat.<\/li>\n<li><strong>Tecnologia Avan\u00e7ada<\/strong>: Utilitzem les \u00faltimes tecnologies de v\u00eddeo i edici\u00f3 per a assegurar-nos que el teu contingut sigui de primera classe.<\/li>\n<li><strong>Resultats Demostrats<\/strong>: Hem treballat amb nombroses empreses i organitzacions, i els <a href=\"http:\/\/planetaries.cat\/fr\/projets\/\">nostres resultats parlen per si sols<\/a>.<\/li>\n<\/ul>\n<h3><strong>Comencem a crear el teu pr\u00f2xim v\u00eddeo impactant. Contacta&#8217;ns avui mateix per a m\u00e9s informaci\u00f3.<\/strong><\/h3>\n<\/div>\n<div><\/div>","protected":false},"excerpt":{"rendered":"<p>V\u00eddeos Corporatius i Publicitaris de Qualitat a Granollers A Produccions Planet\u00e0ries ens apassiona crear continguts audiovisuasl que comuniquin la teva hist\u00f2ria, missatge i valors de manera impactant. Els nostres serveis de v\u00eddeo inclouen: V\u00eddeo Corporatiu: Si vols presentar la teva empresa de manera professional i efectiva, el nostre servei de v\u00eddeo corporatiu \u00e9s la soluci\u00f3 [&hellip;]<\/p>\n","protected":false},"author":1,"featured_media":0,"parent":0,"menu_order":20,"comment_status":"closed","ping_status":"closed","template":"page-quisom.php","meta":{"_acf_changed":false,"footnotes":""},"class_list":["post-3739","page","type-page","status-publish","hentry"],"acf":[],"yoast_head":"<!-- This site is optimized with the Yoast SEO plugin v27.3 - https:\/\/yoast.com\/product\/yoast-seo-wordpress\/ -->\n<title>V\u00eddeo Corporatiu - Produccions Planet\u00e0ries<\/title>\n<meta name=\"robots\" content=\"index, follow, max-snippet:-1, max-image-preview:large, max-video-preview:-1\" \/>\n<link rel=\"canonical\" href=\"https:\/\/planetaries.cat\/fr\/video-corporatiu\/\" \/>\n<meta property=\"og:locale\" content=\"fr_FR\" \/>\n<meta property=\"og:type\" content=\"article\" \/>\n<meta property=\"og:title\" content=\"V\u00eddeo Corporatiu - Produccions Planet\u00e0ries\" \/>\n<meta property=\"og:description\" content=\"V\u00eddeos Corporatius i Publicitaris de Qualitat a Granollers A Produccions Planet\u00e0ries ens apassiona crear continguts audiovisuasl que comuniquin la teva hist\u00f2ria, missatge i valors de manera impactant. Els nostres serveis de v\u00eddeo inclouen: V\u00eddeo Corporatiu: Si vols presentar la teva empresa de manera professional i efectiva, el nostre servei de v\u00eddeo corporatiu \u00e9s la soluci\u00f3 [&hellip;]\" \/>\n<meta property=\"og:url\" content=\"https:\/\/planetaries.cat\/fr\/video-corporatiu\/\" \/>\n<meta property=\"og:site_name\" content=\"Produccions Planet\u00e0ries\" \/>\n<meta property=\"article:modified_time\" content=\"2023-09-08T08:46:59+00:00\" \/>\n<meta name=\"twitter:card\" content=\"summary_large_image\" \/>\n<meta name=\"twitter:label1\" content=\"Dur\u00e9e de lecture estim\u00e9e\" \/>\n\t<meta name=\"twitter:data1\" content=\"2 minutes\" \/>\n<script type=\"application\/ld+json\" class=\"yoast-schema-graph\">{\"@context\":\"https:\\\/\\\/schema.org\",\"@graph\":[{\"@type\":\"WebPage\",\"@id\":\"https:\\\/\\\/planetaries.cat\\\/video-corporatiu\\\/\",\"url\":\"https:\\\/\\\/planetaries.cat\\\/video-corporatiu\\\/\",\"name\":\"V\u00eddeo Corporatiu - Produccions Planet\u00e0ries\",\"isPartOf\":{\"@id\":\"https:\\\/\\\/planetaries.cat\\\/#website\"},\"datePublished\":\"2023-09-08T08:46:00+00:00\",\"dateModified\":\"2023-09-08T08:46:59+00:00\",\"breadcrumb\":{\"@id\":\"https:\\\/\\\/planetaries.cat\\\/video-corporatiu\\\/#breadcrumb\"},\"inLanguage\":\"fr-FR\",\"potentialAction\":[{\"@type\":\"ReadAction\",\"target\":[\"https:\\\/\\\/planetaries.cat\\\/video-corporatiu\\\/\"]}]},{\"@type\":\"BreadcrumbList\",\"@id\":\"https:\\\/\\\/planetaries.cat\\\/video-corporatiu\\\/#breadcrumb\",\"itemListElement\":[{\"@type\":\"ListItem\",\"position\":1,\"name\":\"Inici\",\"item\":\"https:\\\/\\\/planetaries.cat\\\/\"},{\"@type\":\"ListItem\",\"position\":2,\"name\":\"V\u00eddeo Corporatiu\"}]},{\"@type\":\"WebSite\",\"@id\":\"https:\\\/\\\/planetaries.cat\\\/#website\",\"url\":\"https:\\\/\\\/planetaries.cat\\\/\",\"name\":\"Produccions Planet\u00e0ries\",\"description\":\"Comunicaci\u00f3 Audiovisual\",\"publisher\":{\"@id\":\"https:\\\/\\\/planetaries.cat\\\/#organization\"},\"potentialAction\":[{\"@type\":\"SearchAction\",\"target\":{\"@type\":\"EntryPoint\",\"urlTemplate\":\"https:\\\/\\\/planetaries.cat\\\/?s={search_term_string}\"},\"query-input\":{\"@type\":\"PropertyValueSpecification\",\"valueRequired\":true,\"valueName\":\"search_term_string\"}}],\"inLanguage\":\"fr-FR\"},{\"@type\":\"Organization\",\"@id\":\"https:\\\/\\\/planetaries.cat\\\/#organization\",\"name\":\"Produccions Planet\u00e0ries\",\"url\":\"https:\\\/\\\/planetaries.cat\\\/\",\"logo\":{\"@type\":\"ImageObject\",\"inLanguage\":\"fr-FR\",\"@id\":\"https:\\\/\\\/planetaries.cat\\\/#\\\/schema\\\/logo\\\/image\\\/\",\"url\":\"http:\\\/\\\/planetaries.cat\\\/wp-content\\\/uploads\\\/2023\\\/01\\\/logo.gif\",\"contentUrl\":\"http:\\\/\\\/planetaries.cat\\\/wp-content\\\/uploads\\\/2023\\\/01\\\/logo.gif\",\"width\":550,\"height\":168,\"caption\":\"Produccions Planet\u00e0ries\"},\"image\":{\"@id\":\"https:\\\/\\\/planetaries.cat\\\/#\\\/schema\\\/logo\\\/image\\\/\"}}]}<\/script>\n<!-- \/ Yoast SEO plugin. -->","yoast_head_json":{"title":"V\u00eddeo Corporatiu - Produccions Planet\u00e0ries","robots":{"index":"index","follow":"follow","max-snippet":"max-snippet:-1","max-image-preview":"max-image-preview:large","max-video-preview":"max-video-preview:-1"},"canonical":"https:\/\/planetaries.cat\/fr\/video-corporatiu\/","og_locale":"fr_FR","og_type":"article","og_title":"V\u00eddeo Corporatiu - Produccions Planet\u00e0ries","og_description":"V\u00eddeos Corporatius i Publicitaris de Qualitat a Granollers A Produccions Planet\u00e0ries ens apassiona crear continguts audiovisuasl que comuniquin la teva hist\u00f2ria, missatge i valors de manera impactant. Els nostres serveis de v\u00eddeo inclouen: V\u00eddeo Corporatiu: Si vols presentar la teva empresa de manera professional i efectiva, el nostre servei de v\u00eddeo corporatiu \u00e9s la soluci\u00f3 [&hellip;]","og_url":"https:\/\/planetaries.cat\/fr\/video-corporatiu\/","og_site_name":"Produccions Planet\u00e0ries","article_modified_time":"2023-09-08T08:46:59+00:00","twitter_card":"summary_large_image","twitter_misc":{"Dur\u00e9e de lecture estim\u00e9e":"2 minutes"},"schema":{"@context":"https:\/\/schema.org","@graph":[{"@type":"WebPage","@id":"https:\/\/planetaries.cat\/video-corporatiu\/","url":"https:\/\/planetaries.cat\/video-corporatiu\/","name":"V\u00eddeo Corporatiu - Produccions Planet\u00e0ries","isPartOf":{"@id":"https:\/\/planetaries.cat\/#website"},"datePublished":"2023-09-08T08:46:00+00:00","dateModified":"2023-09-08T08:46:59+00:00","breadcrumb":{"@id":"https:\/\/planetaries.cat\/video-corporatiu\/#breadcrumb"},"inLanguage":"fr-FR","potentialAction":[{"@type":"ReadAction","target":["https:\/\/planetaries.cat\/video-corporatiu\/"]}]},{"@type":"BreadcrumbList","@id":"https:\/\/planetaries.cat\/video-corporatiu\/#breadcrumb","itemListElement":[{"@type":"ListItem","position":1,"name":"Inici","item":"https:\/\/planetaries.cat\/"},{"@type":"ListItem","position":2,"name":"V\u00eddeo Corporatiu"}]},{"@type":"WebSite","@id":"https:\/\/planetaries.cat\/#website","url":"https:\/\/planetaries.cat\/","name":"Planetary Productions","description":"Communication audiovisuelle","publisher":{"@id":"https:\/\/planetaries.cat\/#organization"},"potentialAction":[{"@type":"SearchAction","target":{"@type":"EntryPoint","urlTemplate":"https:\/\/planetaries.cat\/?s={search_term_string}"},"query-input":{"@type":"PropertyValueSpecification","valueRequired":true,"valueName":"search_term_string"}}],"inLanguage":"fr-FR"},{"@type":"Organization","@id":"https:\/\/planetaries.cat\/#organization","name":"Planetary Productions","url":"https:\/\/planetaries.cat\/","logo":{"@type":"ImageObject","inLanguage":"fr-FR","@id":"https:\/\/planetaries.cat\/#\/schema\/logo\/image\/","url":"http:\/\/planetaries.cat\/wp-content\/uploads\/2023\/01\/logo.gif","contentUrl":"http:\/\/planetaries.cat\/wp-content\/uploads\/2023\/01\/logo.gif","width":550,"height":168,"caption":"Produccions Planet\u00e0ries"},"image":{"@id":"https:\/\/planetaries.cat\/#\/schema\/logo\/image\/"}}]}},"_links":{"self":[{"href":"https:\/\/planetaries.cat\/fr\/wp-json\/wp\/v2\/pages\/3739","targetHints":{"allow":["GET"]}}],"collection":[{"href":"https:\/\/planetaries.cat\/fr\/wp-json\/wp\/v2\/pages"}],"about":[{"href":"https:\/\/planetaries.cat\/fr\/wp-json\/wp\/v2\/types\/page"}],"author":[{"embeddable":true,"href":"https:\/\/planetaries.cat\/fr\/wp-json\/wp\/v2\/users\/1"}],"replies":[{"embeddable":true,"href":"https:\/\/planetaries.cat\/fr\/wp-json\/wp\/v2\/comments?post=3739"}],"version-history":[{"count":2,"href":"https:\/\/planetaries.cat\/fr\/wp-json\/wp\/v2\/pages\/3739\/revisions"}],"predecessor-version":[{"id":3741,"href":"https:\/\/planetaries.cat\/fr\/wp-json\/wp\/v2\/pages\/3739\/revisions\/3741"}],"wp:attachment":[{"href":"https:\/\/planetaries.cat\/fr\/wp-json\/wp\/v2\/media?parent=3739"}],"curies":[{"name":"wp","href":"https:\/\/api.w.org\/{rel}","templated":true}]}}